{"id":17132,"date":"2017-09-05T14:32:42","date_gmt":"2017-09-05T12:32:42","guid":{"rendered":"http:\/\/shop.larus.ch.rubin.metanet.ch\/product\/serrure-pour-portes-en-bois\/"},"modified":"2026-04-16T03:20:57","modified_gmt":"2026-04-16T01:20:57","slug":"serrure-pour-portes-en-bois-2","status":"publish","type":"product","link":"https:\/\/shop.larus.ch\/fr\/product\/serrure-pour-portes-en-bois-2\/","title":{"rendered":"Serrure pour portes en bois"},"content":{"rendered":"<p>Serrure pour portes en bois<br \/>avec cl\u00e9 num\u00e9rique, cage de serrure laiton, poign\u00e9e aluminium brut, ardillon, vis de poign\u00e9e inoxydable, vis de fixation inox, gond de fermeture 14 mm, utilisable \u00e0 gauche et \u00e0 droite<\/p>\n","protected":false},"excerpt":{"rendered":"<p>Serrure pour portes en bois<br \/>avec cl\u00e9 num\u00e9rique, cage de serrure laiton, poign\u00e9e aluminium brut, ardillon, vis de poign\u00e9e inoxydable, vis de fixation inox, gond de fermeture 14 mm, utilisable \u00e0 gauche et \u00e0 droite<\/p>\n","protected":false},"featured_media":323713,"template":"","meta":[],"product_cat":[59299],"product_tag":[],"_links":{"self":[{"href":"https:\/\/shop.larus.ch\/fr\/wp-json\/wp\/v2\/product\/17132"}],"collection":[{"href":"https:\/\/shop.larus.ch\/fr\/wp-json\/wp\/v2\/product"}],"about":[{"href":"https:\/\/shop.larus.ch\/fr\/wp-json\/wp\/v2\/types\/product"}],"wp:featuredmedia":[{"embeddable":true,"href":"https:\/\/shop.larus.ch\/fr\/wp-json\/wp\/v2\/media\/323713"}],"wp:attachment":[{"href":"https:\/\/shop.larus.ch\/fr\/wp-json\/wp\/v2\/media?parent=17132"}],"wp:term":[{"taxonomy":"product_cat","embeddable":true,"href":"https:\/\/shop.larus.ch\/fr\/wp-json\/wp\/v2\/product_cat?post=17132"},{"taxonomy":"product_tag","embeddable":true,"href":"https:\/\/shop.larus.ch\/fr\/wp-json\/wp\/v2\/product_tag?post=17132"}],"curies":[{"name":"wp","href":"https:\/\/api.w.org\/{rel}","templated":true}]}}