{"id":17125,"date":"2017-09-05T14:32:40","date_gmt":"2017-09-05T12:32:40","guid":{"rendered":"http:\/\/shop.larus.ch.rubin.metanet.ch\/product\/ancre-bton-forme-h-avec-trous-de-vis\/"},"modified":"2026-04-19T03:00:15","modified_gmt":"2026-04-19T01:00:15","slug":"ancre-bton-forme-h-avec-trous-de-vis","status":"publish","type":"product","link":"https:\/\/shop.larus.ch\/fr\/product\/ancre-bton-forme-h-avec-trous-de-vis\/","title":{"rendered":"Ancre \u00e0 b\u00e9ton forme \u00b4 H\u00b4  avec trous de vis"},"content":{"rendered":"<p>Ancre \u00e0 b\u00e9ton forme \u00b4 H\u00b4  sp\u00e9cial<br \/>epaisseur 6 mm<br \/>galvanis\u00e9 \u00e0 chaud, incl. trous de vis enfonc\u00e9, vis \u00e0 t\u00eate conique et douille de filetage <br \/>pour poteaux 9\/9 cm<\/p>\n","protected":false},"excerpt":{"rendered":"<p>Ancre \u00e0 b\u00e9ton forme \u00b4 H\u00b4  sp\u00e9cial<br \/>epaisseur 6 mm<br \/>galvanis\u00e9 \u00e0 chaud, incl. trous de vis enfonc\u00e9, vis \u00e0 t\u00eate conique et douille de filetage <br \/>pour poteaux 9\/9 cm<\/p>\n","protected":false},"featured_media":324192,"template":"","meta":[],"product_cat":[59295],"product_tag":[],"_links":{"self":[{"href":"https:\/\/shop.larus.ch\/fr\/wp-json\/wp\/v2\/product\/17125"}],"collection":[{"href":"https:\/\/shop.larus.ch\/fr\/wp-json\/wp\/v2\/product"}],"about":[{"href":"https:\/\/shop.larus.ch\/fr\/wp-json\/wp\/v2\/types\/product"}],"wp:featuredmedia":[{"embeddable":true,"href":"https:\/\/shop.larus.ch\/fr\/wp-json\/wp\/v2\/media\/324192"}],"wp:attachment":[{"href":"https:\/\/shop.larus.ch\/fr\/wp-json\/wp\/v2\/media?parent=17125"}],"wp:term":[{"taxonomy":"product_cat","embeddable":true,"href":"https:\/\/shop.larus.ch\/fr\/wp-json\/wp\/v2\/product_cat?post=17125"},{"taxonomy":"product_tag","embeddable":true,"href":"https:\/\/shop.larus.ch\/fr\/wp-json\/wp\/v2\/product_tag?post=17125"}],"curies":[{"name":"wp","href":"https:\/\/api.w.org\/{rel}","templated":true}]}}