{"id":17123,"date":"2017-09-05T14:32:40","date_gmt":"2017-09-05T12:32:40","guid":{"rendered":"http:\/\/shop.larus.ch.rubin.metanet.ch\/product\/ancre-bton-u\/"},"modified":"2026-04-16T03:05:49","modified_gmt":"2026-04-16T01:05:49","slug":"ancre-bton-u","status":"publish","type":"product","link":"https:\/\/shop.larus.ch\/fr\/product\/ancre-bton-u\/","title":{"rendered":"Ancre \u00e0 b\u00e9ton U"},"content":{"rendered":"<p>Ancre \u00e0 b\u00e9ton forme \u00b4 U\u00b4  <br \/>Epaisseur 4 mm<br \/>galvanis\u00e9 \u00e0 chaud, sans vis<br \/>pour poteaux 9\/9 cm<br \/>Hauteur de cl\u00f4ture maximum 120cm<\/p>\n","protected":false},"excerpt":{"rendered":"<p>Ancre \u00e0 b\u00e9ton forme \u00b4 U\u00b4  <br \/>Epaisseur 4 mm<br \/>galvanis\u00e9 \u00e0 chaud, sans vis<br \/>pour poteaux 9\/9 cm<br \/>Hauteur de cl\u00f4ture maximum 120cm<\/p>\n","protected":false},"featured_media":324033,"template":"","meta":[],"product_cat":[59295],"product_tag":[],"_links":{"self":[{"href":"https:\/\/shop.larus.ch\/fr\/wp-json\/wp\/v2\/product\/17123"}],"collection":[{"href":"https:\/\/shop.larus.ch\/fr\/wp-json\/wp\/v2\/product"}],"about":[{"href":"https:\/\/shop.larus.ch\/fr\/wp-json\/wp\/v2\/types\/product"}],"wp:featuredmedia":[{"embeddable":true,"href":"https:\/\/shop.larus.ch\/fr\/wp-json\/wp\/v2\/media\/324033"}],"wp:attachment":[{"href":"https:\/\/shop.larus.ch\/fr\/wp-json\/wp\/v2\/media?parent=17123"}],"wp:term":[{"taxonomy":"product_cat","embeddable":true,"href":"https:\/\/shop.larus.ch\/fr\/wp-json\/wp\/v2\/product_cat?post=17123"},{"taxonomy":"product_tag","embeddable":true,"href":"https:\/\/shop.larus.ch\/fr\/wp-json\/wp\/v2\/product_tag?post=17123"}],"curies":[{"name":"wp","href":"https:\/\/api.w.org\/{rel}","templated":true}]}}