{"id":17120,"date":"2017-09-05T14:32:39","date_gmt":"2017-09-05T12:32:39","guid":{"rendered":"http:\/\/shop.larus.ch.rubin.metanet.ch\/product\/ancre-bton-u\/"},"modified":"2026-04-16T03:05:41","modified_gmt":"2026-04-16T01:05:41","slug":"ancre-bton-u-2","status":"publish","type":"product","link":"https:\/\/shop.larus.ch\/fr\/product\/ancre-bton-u-2\/","title":{"rendered":"Ancre \u00e0 b\u00e9ton U"},"content":{"rendered":"<p>Ancre \u00e0 b\u00e9ton forme \u00b4 U\u00b4  <br \/>Epaisseur 4 mm<br \/>galvanis\u00e9 \u00e0 chaud, sans vis<br \/>pour poteaux 7\/7 cm<br \/>Hauteur de cl\u00f4ture maximum 120cm<\/p>\n","protected":false},"excerpt":{"rendered":"<p>Ancre \u00e0 b\u00e9ton forme \u00b4 U\u00b4  <br \/>Epaisseur 4 mm<br \/>galvanis\u00e9 \u00e0 chaud, sans vis<br \/>pour poteaux 7\/7 cm<br \/>Hauteur de cl\u00f4ture maximum 120cm<\/p>\n","protected":false},"featured_media":326548,"template":"","meta":[],"product_cat":[59293],"product_tag":[],"_links":{"self":[{"href":"https:\/\/shop.larus.ch\/fr\/wp-json\/wp\/v2\/product\/17120"}],"collection":[{"href":"https:\/\/shop.larus.ch\/fr\/wp-json\/wp\/v2\/product"}],"about":[{"href":"https:\/\/shop.larus.ch\/fr\/wp-json\/wp\/v2\/types\/product"}],"wp:featuredmedia":[{"embeddable":true,"href":"https:\/\/shop.larus.ch\/fr\/wp-json\/wp\/v2\/media\/326548"}],"wp:attachment":[{"href":"https:\/\/shop.larus.ch\/fr\/wp-json\/wp\/v2\/media?parent=17120"}],"wp:term":[{"taxonomy":"product_cat","embeddable":true,"href":"https:\/\/shop.larus.ch\/fr\/wp-json\/wp\/v2\/product_cat?post=17120"},{"taxonomy":"product_tag","embeddable":true,"href":"https:\/\/shop.larus.ch\/fr\/wp-json\/wp\/v2\/product_tag?post=17120"}],"curies":[{"name":"wp","href":"https:\/\/api.w.org\/{rel}","templated":true}]}}