{"id":17118,"date":"2017-09-05T14:32:38","date_gmt":"2017-09-05T12:32:38","guid":{"rendered":"http:\/\/shop.larus.ch.rubin.metanet.ch\/product\/montants-en-acier-t\/"},"modified":"2026-04-16T03:15:41","modified_gmt":"2026-04-16T01:15:41","slug":"montants-en-acier-t-4","status":"publish","type":"product","link":"https:\/\/shop.larus.ch\/fr\/product\/montants-en-acier-t-4\/","title":{"rendered":"Montants en acier T"},"content":{"rendered":"<p>Montants en acier T galvanis\u00e9s \u00e0 chaud (sans raccords) pour cl\u00f4ture de palissade h 100 cm en terrain ouvert<\/p>\n","protected":false},"excerpt":{"rendered":"<p>Montants en acier T galvanis\u00e9s \u00e0 chaud (sans raccords) pour cl\u00f4ture de palissade h 100 cm en terrain ouvert<\/p>\n","protected":false},"featured_media":325262,"template":"","meta":[],"product_cat":[59289],"product_tag":[],"_links":{"self":[{"href":"https:\/\/shop.larus.ch\/fr\/wp-json\/wp\/v2\/product\/17118"}],"collection":[{"href":"https:\/\/shop.larus.ch\/fr\/wp-json\/wp\/v2\/product"}],"about":[{"href":"https:\/\/shop.larus.ch\/fr\/wp-json\/wp\/v2\/types\/product"}],"wp:featuredmedia":[{"embeddable":true,"href":"https:\/\/shop.larus.ch\/fr\/wp-json\/wp\/v2\/media\/325262"}],"wp:attachment":[{"href":"https:\/\/shop.larus.ch\/fr\/wp-json\/wp\/v2\/media?parent=17118"}],"wp:term":[{"taxonomy":"product_cat","embeddable":true,"href":"https:\/\/shop.larus.ch\/fr\/wp-json\/wp\/v2\/product_cat?post=17118"},{"taxonomy":"product_tag","embeddable":true,"href":"https:\/\/shop.larus.ch\/fr\/wp-json\/wp\/v2\/product_tag?post=17118"}],"curies":[{"name":"wp","href":"https:\/\/api.w.org\/{rel}","templated":true}]}}