{"id":17114,"date":"2017-09-05T14:32:37","date_gmt":"2017-09-05T12:32:37","guid":{"rendered":"http:\/\/shop.larus.ch.rubin.metanet.ch\/product\/montant-en-acier-t\/"},"modified":"2026-04-16T03:06:13","modified_gmt":"2026-04-16T01:06:13","slug":"montant-en-acier-t-2","status":"publish","type":"product","link":"https:\/\/shop.larus.ch\/fr\/product\/montant-en-acier-t-2\/","title":{"rendered":"Montant en acier T"},"content":{"rendered":"<p>Montants en acier T galvanis\u00e9s \u00e0 chaud (sans raccords), sans per\u00e7age<\/p>\n","protected":false},"excerpt":{"rendered":"<p>Montants en acier T galvanis\u00e9s \u00e0 chaud (sans raccords), sans per\u00e7age<\/p>\n","protected":false},"featured_media":324085,"template":"","meta":[],"product_cat":[59289],"product_tag":[],"_links":{"self":[{"href":"https:\/\/shop.larus.ch\/fr\/wp-json\/wp\/v2\/product\/17114"}],"collection":[{"href":"https:\/\/shop.larus.ch\/fr\/wp-json\/wp\/v2\/product"}],"about":[{"href":"https:\/\/shop.larus.ch\/fr\/wp-json\/wp\/v2\/types\/product"}],"wp:featuredmedia":[{"embeddable":true,"href":"https:\/\/shop.larus.ch\/fr\/wp-json\/wp\/v2\/media\/324085"}],"wp:attachment":[{"href":"https:\/\/shop.larus.ch\/fr\/wp-json\/wp\/v2\/media?parent=17114"}],"wp:term":[{"taxonomy":"product_cat","embeddable":true,"href":"https:\/\/shop.larus.ch\/fr\/wp-json\/wp\/v2\/product_cat?post=17114"},{"taxonomy":"product_tag","embeddable":true,"href":"https:\/\/shop.larus.ch\/fr\/wp-json\/wp\/v2\/product_tag?post=17114"}],"curies":[{"name":"wp","href":"https:\/\/api.w.org\/{rel}","templated":true}]}}