{"id":17104,"date":"2017-09-05T14:32:35","date_gmt":"2017-09-05T12:32:35","guid":{"rendered":"http:\/\/shop.larus.ch.rubin.metanet.ch\/product\/protections-dcoratives\/"},"modified":"2026-04-16T03:16:32","modified_gmt":"2026-04-16T01:16:32","slug":"protections-dcoratives","status":"publish","type":"product","link":"https:\/\/shop.larus.ch\/fr\/product\/protections-dcoratives\/","title":{"rendered":"Protections d\u00e9coratives"},"content":{"rendered":"<p>Protections d\u00e9coratives avec boule pour poteaux 70 x 70 mm, galvanis\u00e9<\/p>\n","protected":false},"excerpt":{"rendered":"<p>Protections d\u00e9coratives avec boule pour poteaux 70 x 70 mm, galvanis\u00e9<\/p>\n","protected":false},"featured_media":323481,"template":"","meta":[],"product_cat":[59285],"product_tag":[],"_links":{"self":[{"href":"https:\/\/shop.larus.ch\/fr\/wp-json\/wp\/v2\/product\/17104"}],"collection":[{"href":"https:\/\/shop.larus.ch\/fr\/wp-json\/wp\/v2\/product"}],"about":[{"href":"https:\/\/shop.larus.ch\/fr\/wp-json\/wp\/v2\/types\/product"}],"wp:featuredmedia":[{"embeddable":true,"href":"https:\/\/shop.larus.ch\/fr\/wp-json\/wp\/v2\/media\/323481"}],"wp:attachment":[{"href":"https:\/\/shop.larus.ch\/fr\/wp-json\/wp\/v2\/media?parent=17104"}],"wp:term":[{"taxonomy":"product_cat","embeddable":true,"href":"https:\/\/shop.larus.ch\/fr\/wp-json\/wp\/v2\/product_cat?post=17104"},{"taxonomy":"product_tag","embeddable":true,"href":"https:\/\/shop.larus.ch\/fr\/wp-json\/wp\/v2\/product_tag?post=17104"}],"curies":[{"name":"wp","href":"https:\/\/api.w.org\/{rel}","templated":true}]}}