{"id":17056,"date":"2017-09-05T14:32:22","date_gmt":"2017-09-05T12:32:22","guid":{"rendered":"http:\/\/shop.larus.ch.rubin.metanet.ch\/product\/collier-pour-remplacement-des-tais-galvanis-60-mm\/"},"modified":"2026-04-16T03:11:28","modified_gmt":"2026-04-16T01:11:28","slug":"collier-pour-remplacement-des-tais-galvanis-60-mm","status":"publish","type":"product","link":"https:\/\/shop.larus.ch\/fr\/product\/collier-pour-remplacement-des-tais-galvanis-60-mm\/","title":{"rendered":"Collier pour remplacement des \u00e9tais galvanis\u00e9 60 mm"},"content":{"rendered":"<p>Collier pour remplacement des \u00e9tais galvanis\u00e9 <br \/>2 pces.\/sachet<\/p>\n","protected":false},"excerpt":{"rendered":"<p>Collier pour remplacement des \u00e9tais galvanis\u00e9 <br \/>2 pces.\/sachet<\/p>\n","protected":false},"featured_media":324986,"template":"","meta":[],"product_cat":[59257],"product_tag":[],"_links":{"self":[{"href":"https:\/\/shop.larus.ch\/fr\/wp-json\/wp\/v2\/product\/17056"}],"collection":[{"href":"https:\/\/shop.larus.ch\/fr\/wp-json\/wp\/v2\/product"}],"about":[{"href":"https:\/\/shop.larus.ch\/fr\/wp-json\/wp\/v2\/types\/product"}],"wp:featuredmedia":[{"embeddable":true,"href":"https:\/\/shop.larus.ch\/fr\/wp-json\/wp\/v2\/media\/324986"}],"wp:attachment":[{"href":"https:\/\/shop.larus.ch\/fr\/wp-json\/wp\/v2\/media?parent=17056"}],"wp:term":[{"taxonomy":"product_cat","embeddable":true,"href":"https:\/\/shop.larus.ch\/fr\/wp-json\/wp\/v2\/product_cat?post=17056"},{"taxonomy":"product_tag","embeddable":true,"href":"https:\/\/shop.larus.ch\/fr\/wp-json\/wp\/v2\/product_tag?post=17056"}],"curies":[{"name":"wp","href":"https:\/\/api.w.org\/{rel}","templated":true}]}}