{"id":17054,"date":"2017-09-05T14:32:21","date_gmt":"2017-09-05T12:32:21","guid":{"rendered":"http:\/\/shop.larus.ch.rubin.metanet.ch\/product\/support-de-fil-de-tension-galvanis\/"},"modified":"2026-04-19T03:17:03","modified_gmt":"2026-04-19T01:17:03","slug":"support-de-fil-de-tension-galvanis","status":"publish","type":"product","link":"https:\/\/shop.larus.ch\/fr\/product\/support-de-fil-de-tension-galvanis\/","title":{"rendered":"Support de fil de tension galvanis\u00e9"},"content":{"rendered":"<p>Collier pour remplacement des \u00e9tais galvanis\u00e9 <br \/>2 pces.\/sachet<\/p>\n","protected":false},"excerpt":{"rendered":"<p>Collier pour remplacement des \u00e9tais galvanis\u00e9 <br \/>2 pces.\/sachet<\/p>\n","protected":false},"featured_media":326060,"template":"","meta":[],"product_cat":[59257],"product_tag":[],"_links":{"self":[{"href":"https:\/\/shop.larus.ch\/fr\/wp-json\/wp\/v2\/product\/17054"}],"collection":[{"href":"https:\/\/shop.larus.ch\/fr\/wp-json\/wp\/v2\/product"}],"about":[{"href":"https:\/\/shop.larus.ch\/fr\/wp-json\/wp\/v2\/types\/product"}],"wp:featuredmedia":[{"embeddable":true,"href":"https:\/\/shop.larus.ch\/fr\/wp-json\/wp\/v2\/media\/326060"}],"wp:attachment":[{"href":"https:\/\/shop.larus.ch\/fr\/wp-json\/wp\/v2\/media?parent=17054"}],"wp:term":[{"taxonomy":"product_cat","embeddable":true,"href":"https:\/\/shop.larus.ch\/fr\/wp-json\/wp\/v2\/product_cat?post=17054"},{"taxonomy":"product_tag","embeddable":true,"href":"https:\/\/shop.larus.ch\/fr\/wp-json\/wp\/v2\/product_tag?post=17054"}],"curies":[{"name":"wp","href":"https:\/\/api.w.org\/{rel}","templated":true}]}}