{"id":17045,"date":"2017-09-05T14:32:19","date_gmt":"2017-09-05T12:32:19","guid":{"rendered":"http:\/\/shop.larus.ch.rubin.metanet.ch\/product\/fil-de-fer-barbel-acier-galvanis\/"},"modified":"2026-04-16T03:10:30","modified_gmt":"2026-04-16T01:10:30","slug":"fil-de-fer-barbel-acier-galvanis","status":"publish","type":"product","link":"https:\/\/shop.larus.ch\/fr\/product\/fil-de-fer-barbel-acier-galvanis\/","title":{"rendered":"Fil de fer barbel\u00e9 acier galvanis\u00e9"},"content":{"rendered":"<p>Acier galvanis\u00e9 barbel\u00e9s<br \/>Rouleau de 100 m<\/p>\n","protected":false},"excerpt":{"rendered":"<p>Acier galvanis\u00e9 barbel\u00e9s<br \/>Rouleau de 100 m<\/p>\n","protected":false},"featured_media":324764,"template":"","meta":[],"product_cat":[59257],"product_tag":[],"_links":{"self":[{"href":"https:\/\/shop.larus.ch\/fr\/wp-json\/wp\/v2\/product\/17045"}],"collection":[{"href":"https:\/\/shop.larus.ch\/fr\/wp-json\/wp\/v2\/product"}],"about":[{"href":"https:\/\/shop.larus.ch\/fr\/wp-json\/wp\/v2\/types\/product"}],"wp:featuredmedia":[{"embeddable":true,"href":"https:\/\/shop.larus.ch\/fr\/wp-json\/wp\/v2\/media\/324764"}],"wp:attachment":[{"href":"https:\/\/shop.larus.ch\/fr\/wp-json\/wp\/v2\/media?parent=17045"}],"wp:term":[{"taxonomy":"product_cat","embeddable":true,"href":"https:\/\/shop.larus.ch\/fr\/wp-json\/wp\/v2\/product_cat?post=17045"},{"taxonomy":"product_tag","embeddable":true,"href":"https:\/\/shop.larus.ch\/fr\/wp-json\/wp\/v2\/product_tag?post=17045"}],"curies":[{"name":"wp","href":"https:\/\/api.w.org\/{rel}","templated":true}]}}