{"id":17042,"date":"2017-09-05T14:32:18","date_gmt":"2017-09-05T12:32:18","guid":{"rendered":"http:\/\/shop.larus.ch.rubin.metanet.ch\/product\/porte-revtu-vert\/"},"modified":"2026-04-16T03:05:40","modified_gmt":"2026-04-16T01:05:40","slug":"porte-revtu-vert","status":"publish","type":"product","link":"https:\/\/shop.larus.ch\/fr\/product\/porte-revtu-vert\/","title":{"rendered":"Porte rev\u00eatu vert"},"content":{"rendered":"<p>Porte de jardin \u00e0 un vantail rev\u00eatu vert, avec treillage, incl. poteaux et accessoires<\/p>\n","protected":false},"excerpt":{"rendered":"<p>Porte de jardin \u00e0 un vantail rev\u00eatu vert, avec treillage, incl. poteaux et accessoires<\/p>\n","protected":false},"featured_media":324294,"template":"","meta":[],"product_cat":[59253],"product_tag":[],"_links":{"self":[{"href":"https:\/\/shop.larus.ch\/fr\/wp-json\/wp\/v2\/product\/17042"}],"collection":[{"href":"https:\/\/shop.larus.ch\/fr\/wp-json\/wp\/v2\/product"}],"about":[{"href":"https:\/\/shop.larus.ch\/fr\/wp-json\/wp\/v2\/types\/product"}],"wp:featuredmedia":[{"embeddable":true,"href":"https:\/\/shop.larus.ch\/fr\/wp-json\/wp\/v2\/media\/324294"}],"wp:attachment":[{"href":"https:\/\/shop.larus.ch\/fr\/wp-json\/wp\/v2\/media?parent=17042"}],"wp:term":[{"taxonomy":"product_cat","embeddable":true,"href":"https:\/\/shop.larus.ch\/fr\/wp-json\/wp\/v2\/product_cat?post=17042"},{"taxonomy":"product_tag","embeddable":true,"href":"https:\/\/shop.larus.ch\/fr\/wp-json\/wp\/v2\/product_tag?post=17042"}],"curies":[{"name":"wp","href":"https:\/\/api.w.org\/{rel}","templated":true}]}}