{"id":17034,"date":"2017-09-05T14:32:16","date_gmt":"2017-09-05T12:32:16","guid":{"rendered":"http:\/\/shop.larus.ch.rubin.metanet.ch\/product\/pied-de-montage-pour-tais-34-mm\/"},"modified":"2026-04-16T03:15:55","modified_gmt":"2026-04-16T01:15:55","slug":"pied-de-montage-pour-tais-34-mm","status":"publish","type":"product","link":"https:\/\/shop.larus.ch\/fr\/product\/pied-de-montage-pour-tais-34-mm\/","title":{"rendered":"Pied de montage pour \u00e9tais 34 mm"},"content":{"rendered":"<p>Pied de montage pour \u00e9tais 34 mm<br \/>\u00e0 cheviller, galvanis\u00e9 \u00e0 chaud<br \/>incl. vis et \u00e9crous<\/p>\n","protected":false},"excerpt":{"rendered":"<p>Pied de montage pour \u00e9tais 34 mm<br \/>\u00e0 cheviller, galvanis\u00e9 \u00e0 chaud<br \/>incl. vis et \u00e9crous<\/p>\n","protected":false},"featured_media":325320,"template":"","meta":[],"product_cat":[59251],"product_tag":[],"_links":{"self":[{"href":"https:\/\/shop.larus.ch\/fr\/wp-json\/wp\/v2\/product\/17034"}],"collection":[{"href":"https:\/\/shop.larus.ch\/fr\/wp-json\/wp\/v2\/product"}],"about":[{"href":"https:\/\/shop.larus.ch\/fr\/wp-json\/wp\/v2\/types\/product"}],"wp:featuredmedia":[{"embeddable":true,"href":"https:\/\/shop.larus.ch\/fr\/wp-json\/wp\/v2\/media\/325320"}],"wp:attachment":[{"href":"https:\/\/shop.larus.ch\/fr\/wp-json\/wp\/v2\/media?parent=17034"}],"wp:term":[{"taxonomy":"product_cat","embeddable":true,"href":"https:\/\/shop.larus.ch\/fr\/wp-json\/wp\/v2\/product_cat?post=17034"},{"taxonomy":"product_tag","embeddable":true,"href":"https:\/\/shop.larus.ch\/fr\/wp-json\/wp\/v2\/product_tag?post=17034"}],"curies":[{"name":"wp","href":"https:\/\/api.w.org\/{rel}","templated":true}]}}