{"id":17033,"date":"2017-09-05T14:32:15","date_gmt":"2017-09-05T12:32:15","guid":{"rendered":"http:\/\/shop.larus.ch.rubin.metanet.ch\/product\/pied-de-montage-pour-montants-40-mm\/"},"modified":"2026-04-16T03:20:10","modified_gmt":"2026-04-16T01:20:10","slug":"pied-de-montage-pour-montants-40-mm","status":"publish","type":"product","link":"https:\/\/shop.larus.ch\/fr\/product\/pied-de-montage-pour-montants-40-mm\/","title":{"rendered":"Pied de montage pour montants 40 mm"},"content":{"rendered":"<p>Pied de montage pour montants 40 mm<br \/>\u00e0 cheviller, galvanis\u00e9 \u00e0 chaud<\/p>\n","protected":false},"excerpt":{"rendered":"<p>Pied de montage pour montants 40 mm<br \/>\u00e0 cheviller, galvanis\u00e9 \u00e0 chaud<\/p>\n","protected":false},"featured_media":325578,"template":"","meta":[],"product_cat":[59251],"product_tag":[],"_links":{"self":[{"href":"https:\/\/shop.larus.ch\/fr\/wp-json\/wp\/v2\/product\/17033"}],"collection":[{"href":"https:\/\/shop.larus.ch\/fr\/wp-json\/wp\/v2\/product"}],"about":[{"href":"https:\/\/shop.larus.ch\/fr\/wp-json\/wp\/v2\/types\/product"}],"wp:featuredmedia":[{"embeddable":true,"href":"https:\/\/shop.larus.ch\/fr\/wp-json\/wp\/v2\/media\/325578"}],"wp:attachment":[{"href":"https:\/\/shop.larus.ch\/fr\/wp-json\/wp\/v2\/media?parent=17033"}],"wp:term":[{"taxonomy":"product_cat","embeddable":true,"href":"https:\/\/shop.larus.ch\/fr\/wp-json\/wp\/v2\/product_cat?post=17033"},{"taxonomy":"product_tag","embeddable":true,"href":"https:\/\/shop.larus.ch\/fr\/wp-json\/wp\/v2\/product_tag?post=17033"}],"curies":[{"name":"wp","href":"https:\/\/api.w.org\/{rel}","templated":true}]}}