{"id":16980,"date":"2017-09-05T14:32:01","date_gmt":"2017-09-05T12:32:01","guid":{"rendered":"http:\/\/shop.larus.ch.rubin.metanet.ch\/product\/montagefuss-fr-zaunpfhle-40-x-40-mm-2\/"},"modified":"2026-04-16T03:21:43","modified_gmt":"2026-04-16T01:21:43","slug":"montagefuss-fr-zaunpfhle-40-x-40-mm-2","status":"publish","type":"product","link":"https:\/\/shop.larus.ch\/fr\/product\/montagefuss-fr-zaunpfhle-40-x-40-mm-2\/","title":{"rendered":"Montagefuss f\u00fcr Zaunpf\u00e4hle 40 x 40 mm"},"content":{"rendered":"<p>Pied de fixation pour les poteaux de cl\u00f4ture 40 x 40 mm<br \/>\u00e0 boulon, galvanis\u00e9 \u00e0 chaud<br \/>La plaque de base 100 x 100 mm<\/p>\n","protected":false},"excerpt":{"rendered":"<p>Pied de fixation pour les poteaux de cl\u00f4ture 40 x 40 mm<br \/>\u00e0 boulon, galvanis\u00e9 \u00e0 chaud<br \/>La plaque de base 100 x 100 mm<\/p>\n","protected":false},"featured_media":325948,"template":"","meta":[],"product_cat":[59237],"product_tag":[],"_links":{"self":[{"href":"https:\/\/shop.larus.ch\/fr\/wp-json\/wp\/v2\/product\/16980"}],"collection":[{"href":"https:\/\/shop.larus.ch\/fr\/wp-json\/wp\/v2\/product"}],"about":[{"href":"https:\/\/shop.larus.ch\/fr\/wp-json\/wp\/v2\/types\/product"}],"wp:featuredmedia":[{"embeddable":true,"href":"https:\/\/shop.larus.ch\/fr\/wp-json\/wp\/v2\/media\/325948"}],"wp:attachment":[{"href":"https:\/\/shop.larus.ch\/fr\/wp-json\/wp\/v2\/media?parent=16980"}],"wp:term":[{"taxonomy":"product_cat","embeddable":true,"href":"https:\/\/shop.larus.ch\/fr\/wp-json\/wp\/v2\/product_cat?post=16980"},{"taxonomy":"product_tag","embeddable":true,"href":"https:\/\/shop.larus.ch\/fr\/wp-json\/wp\/v2\/product_tag?post=16980"}],"curies":[{"name":"wp","href":"https:\/\/api.w.org\/{rel}","templated":true}]}}