{"id":16976,"date":"2017-09-05T14:32:00","date_gmt":"2017-09-05T12:32:00","guid":{"rendered":"http:\/\/shop.larus.ch.rubin.metanet.ch\/product\/quadratrohr-eckpfosten-verzinktgrn-3\/"},"modified":"2026-04-16T03:16:53","modified_gmt":"2026-04-16T01:16:53","slug":"quadratrohr-eckpfosten-verzinktgrn-3-2","status":"publish","type":"product","link":"https:\/\/shop.larus.ch\/fr\/product\/quadratrohr-eckpfosten-verzinktgrn-3-2\/","title":{"rendered":"Quadratrohr-Eckpfosten verzinkt\/gr\u00fcn"},"content":{"rendered":"<p>Poteau carr\u00e9 galvanis\u00e9 \/ vert<br \/>pour DS-mat 1030 mm, support de serrage TTC, vis et Allen<br \/>accessoires emball\u00e9 dans le poteau<\/p>\n","protected":false},"excerpt":{"rendered":"<p>Poteau carr\u00e9 galvanis\u00e9 \/ vert<br \/>pour DS-mat 1030 mm, support de serrage TTC, vis et Allen<br \/>accessoires emball\u00e9 dans le poteau<\/p>\n","protected":false},"featured_media":325514,"template":"","meta":[],"product_cat":[59235],"product_tag":[],"_links":{"self":[{"href":"https:\/\/shop.larus.ch\/fr\/wp-json\/wp\/v2\/product\/16976"}],"collection":[{"href":"https:\/\/shop.larus.ch\/fr\/wp-json\/wp\/v2\/product"}],"about":[{"href":"https:\/\/shop.larus.ch\/fr\/wp-json\/wp\/v2\/types\/product"}],"wp:featuredmedia":[{"embeddable":true,"href":"https:\/\/shop.larus.ch\/fr\/wp-json\/wp\/v2\/media\/325514"}],"wp:attachment":[{"href":"https:\/\/shop.larus.ch\/fr\/wp-json\/wp\/v2\/media?parent=16976"}],"wp:term":[{"taxonomy":"product_cat","embeddable":true,"href":"https:\/\/shop.larus.ch\/fr\/wp-json\/wp\/v2\/product_cat?post=16976"},{"taxonomy":"product_tag","embeddable":true,"href":"https:\/\/shop.larus.ch\/fr\/wp-json\/wp\/v2\/product_tag?post=16976"}],"curies":[{"name":"wp","href":"https:\/\/api.w.org\/{rel}","templated":true}]}}