{"id":16971,"date":"2017-09-05T14:31:58","date_gmt":"2017-09-05T12:31:58","guid":{"rendered":"http:\/\/shop.larus.ch.rubin.metanet.ch\/product\/quadratrohrpfosten-verzinktgrn-3\/"},"modified":"2026-04-16T03:21:20","modified_gmt":"2026-04-16T01:21:20","slug":"quadratrohrpfosten-verzinktgrn-3","status":"publish","type":"product","link":"https:\/\/shop.larus.ch\/fr\/product\/quadratrohrpfosten-verzinktgrn-3\/","title":{"rendered":"Quadratrohrpfosten verzinkt\/gr\u00fcn"},"content":{"rendered":"<p>Poteaux carr\u00e9s en tuyaux galvanis\u00e9s \/ vert<br \/>pour DS-mat 1030 mm, support de serrage TTC, vis et Allen<br \/>accessoires dans le poteau<\/p>\n","protected":false},"excerpt":{"rendered":"<p>Poteaux carr\u00e9s en tuyaux galvanis\u00e9s \/ vert<br \/>pour DS-mat 1030 mm, support de serrage TTC, vis et Allen<br \/>accessoires dans le poteau<\/p>\n","protected":false},"featured_media":325864,"template":"","meta":[],"product_cat":[59235],"product_tag":[],"_links":{"self":[{"href":"https:\/\/shop.larus.ch\/fr\/wp-json\/wp\/v2\/product\/16971"}],"collection":[{"href":"https:\/\/shop.larus.ch\/fr\/wp-json\/wp\/v2\/product"}],"about":[{"href":"https:\/\/shop.larus.ch\/fr\/wp-json\/wp\/v2\/types\/product"}],"wp:featuredmedia":[{"embeddable":true,"href":"https:\/\/shop.larus.ch\/fr\/wp-json\/wp\/v2\/media\/325864"}],"wp:attachment":[{"href":"https:\/\/shop.larus.ch\/fr\/wp-json\/wp\/v2\/media?parent=16971"}],"wp:term":[{"taxonomy":"product_cat","embeddable":true,"href":"https:\/\/shop.larus.ch\/fr\/wp-json\/wp\/v2\/product_cat?post=16971"},{"taxonomy":"product_tag","embeddable":true,"href":"https:\/\/shop.larus.ch\/fr\/wp-json\/wp\/v2\/product_tag?post=16971"}],"curies":[{"name":"wp","href":"https:\/\/api.w.org\/{rel}","templated":true}]}}