{"id":16938,"date":"2017-09-05T14:31:49","date_gmt":"2017-09-05T12:31:49","guid":{"rendered":"http:\/\/shop.larus.ch.rubin.metanet.ch\/product\/supports-pour-clture\/"},"modified":"2026-04-16T03:05:44","modified_gmt":"2026-04-16T01:05:44","slug":"supports-pour-clture-2","status":"publish","type":"product","link":"https:\/\/shop.larus.ch\/fr\/product\/supports-pour-clture-2\/","title":{"rendered":"Supports pour cl\u00f4ture"},"content":{"rendered":"<p>Supports pour cl\u00f4tures et cl\u00f4tures treillis<br \/>rev\u00eatu blanc<\/p>\n","protected":false},"excerpt":{"rendered":"<p>Supports pour cl\u00f4tures et cl\u00f4tures treillis<br \/>rev\u00eatu blanc<\/p>\n","protected":false},"featured_media":324019,"template":"","meta":[],"product_cat":[59227],"product_tag":[],"_links":{"self":[{"href":"https:\/\/shop.larus.ch\/fr\/wp-json\/wp\/v2\/product\/16938"}],"collection":[{"href":"https:\/\/shop.larus.ch\/fr\/wp-json\/wp\/v2\/product"}],"about":[{"href":"https:\/\/shop.larus.ch\/fr\/wp-json\/wp\/v2\/types\/product"}],"wp:featuredmedia":[{"embeddable":true,"href":"https:\/\/shop.larus.ch\/fr\/wp-json\/wp\/v2\/media\/324019"}],"wp:attachment":[{"href":"https:\/\/shop.larus.ch\/fr\/wp-json\/wp\/v2\/media?parent=16938"}],"wp:term":[{"taxonomy":"product_cat","embeddable":true,"href":"https:\/\/shop.larus.ch\/fr\/wp-json\/wp\/v2\/product_cat?post=16938"},{"taxonomy":"product_tag","embeddable":true,"href":"https:\/\/shop.larus.ch\/fr\/wp-json\/wp\/v2\/product_tag?post=16938"}],"curies":[{"name":"wp","href":"https:\/\/api.w.org\/{rel}","templated":true}]}}