{"id":16931,"date":"2017-09-05T14:31:48","date_gmt":"2017-09-05T12:31:48","guid":{"rendered":"http:\/\/shop.larus.ch.rubin.metanet.ch\/product\/lattes-en-aluminium\/"},"modified":"2026-04-19T03:16:06","modified_gmt":"2026-04-19T01:16:06","slug":"lattes-en-aluminium-9","status":"publish","type":"product","link":"https:\/\/shop.larus.ch\/fr\/product\/lattes-en-aluminium-9\/","title":{"rendered":"Lattes en aluminium"},"content":{"rendered":"<p>Lattes en aluminium<br \/>alu-brut, carr\u00e9, <br \/>2 c\u00f4t\u00e9s longitudinaux arrondis, chapeau rond embo\u00eet\u00e9,<br \/>peint, couleur RAL ????<\/p>\n","protected":false},"excerpt":{"rendered":"<p>Lattes en aluminium<br \/>alu-brut, carr\u00e9, <br \/>2 c\u00f4t\u00e9s longitudinaux arrondis, chapeau rond embo\u00eet\u00e9,<br \/>peint, couleur RAL ????<\/p>\n","protected":false},"featured_media":325848,"template":"","meta":[],"product_cat":[59217],"product_tag":[],"_links":{"self":[{"href":"https:\/\/shop.larus.ch\/fr\/wp-json\/wp\/v2\/product\/16931"}],"collection":[{"href":"https:\/\/shop.larus.ch\/fr\/wp-json\/wp\/v2\/product"}],"about":[{"href":"https:\/\/shop.larus.ch\/fr\/wp-json\/wp\/v2\/types\/product"}],"wp:featuredmedia":[{"embeddable":true,"href":"https:\/\/shop.larus.ch\/fr\/wp-json\/wp\/v2\/media\/325848"}],"wp:attachment":[{"href":"https:\/\/shop.larus.ch\/fr\/wp-json\/wp\/v2\/media?parent=16931"}],"wp:term":[{"taxonomy":"product_cat","embeddable":true,"href":"https:\/\/shop.larus.ch\/fr\/wp-json\/wp\/v2\/product_cat?post=16931"},{"taxonomy":"product_tag","embeddable":true,"href":"https:\/\/shop.larus.ch\/fr\/wp-json\/wp\/v2\/product_tag?post=16931"}],"curies":[{"name":"wp","href":"https:\/\/api.w.org\/{rel}","templated":true}]}}