{"id":16929,"date":"2017-09-05T14:31:47","date_gmt":"2017-09-05T12:31:47","guid":{"rendered":"http:\/\/shop.larus.ch.rubin.metanet.ch\/product\/lattes-en-aluminium\/"},"modified":"2026-04-16T03:15:15","modified_gmt":"2026-04-16T01:15:15","slug":"lattes-en-aluminium-7","status":"publish","type":"product","link":"https:\/\/shop.larus.ch\/fr\/product\/lattes-en-aluminium-7\/","title":{"rendered":"Lattes en aluminium"},"content":{"rendered":"<p>Lattes en aluminium<br \/>alu-brut, carr\u00e9, <br \/>2 c\u00f4t\u00e9s longitudinaux arrondis, chapeau rond embo\u00eet\u00e9,<br \/>peint, couleur RAL ????<\/p>\n","protected":false},"excerpt":{"rendered":"<p>Lattes en aluminium<br \/>alu-brut, carr\u00e9, <br \/>2 c\u00f4t\u00e9s longitudinaux arrondis, chapeau rond embo\u00eet\u00e9,<br \/>peint, couleur RAL ????<\/p>\n","protected":false},"featured_media":325152,"template":"","meta":[],"product_cat":[59217],"product_tag":[],"_links":{"self":[{"href":"https:\/\/shop.larus.ch\/fr\/wp-json\/wp\/v2\/product\/16929"}],"collection":[{"href":"https:\/\/shop.larus.ch\/fr\/wp-json\/wp\/v2\/product"}],"about":[{"href":"https:\/\/shop.larus.ch\/fr\/wp-json\/wp\/v2\/types\/product"}],"wp:featuredmedia":[{"embeddable":true,"href":"https:\/\/shop.larus.ch\/fr\/wp-json\/wp\/v2\/media\/325152"}],"wp:attachment":[{"href":"https:\/\/shop.larus.ch\/fr\/wp-json\/wp\/v2\/media?parent=16929"}],"wp:term":[{"taxonomy":"product_cat","embeddable":true,"href":"https:\/\/shop.larus.ch\/fr\/wp-json\/wp\/v2\/product_cat?post=16929"},{"taxonomy":"product_tag","embeddable":true,"href":"https:\/\/shop.larus.ch\/fr\/wp-json\/wp\/v2\/product_tag?post=16929"}],"curies":[{"name":"wp","href":"https:\/\/api.w.org\/{rel}","templated":true}]}}