{"id":16921,"date":"2017-09-05T14:31:45","date_gmt":"2017-09-05T12:31:45","guid":{"rendered":"http:\/\/shop.larus.ch.rubin.metanet.ch\/product\/double-porte-en-alu\/"},"modified":"2026-04-16T03:10:33","modified_gmt":"2026-04-16T01:10:33","slug":"double-porte-en-alu-2","status":"publish","type":"product","link":"https:\/\/shop.larus.ch\/fr\/product\/double-porte-en-alu-2\/","title":{"rendered":"Double porte en alu"},"content":{"rendered":"<p>Double porte \u00e0 lattes en aluminium <br \/>avec cadre en acier, lattes en aluminium 60\/20 mm, chapeau rond, ferrures galvanis\u00e9, gonds r\u00e9glables, serrure avec cl\u00e9, verrou et douille de fond, couleur RAL ??? (  ) <br \/>ouverture:<br \/>sans montants<\/p>\n","protected":false},"excerpt":{"rendered":"<p>Double porte \u00e0 lattes en aluminium <br \/>avec cadre en acier, lattes en aluminium 60\/20 mm, chapeau rond, ferrures galvanis\u00e9, gonds r\u00e9glables, serrure avec cl\u00e9, verrou et douille de fond, couleur RAL ??? (  ) <br \/>ouverture:<br \/>sans montants<\/p>\n","protected":false},"featured_media":324772,"template":"","meta":[],"product_cat":[59213],"product_tag":[],"_links":{"self":[{"href":"https:\/\/shop.larus.ch\/fr\/wp-json\/wp\/v2\/product\/16921"}],"collection":[{"href":"https:\/\/shop.larus.ch\/fr\/wp-json\/wp\/v2\/product"}],"about":[{"href":"https:\/\/shop.larus.ch\/fr\/wp-json\/wp\/v2\/types\/product"}],"wp:featuredmedia":[{"embeddable":true,"href":"https:\/\/shop.larus.ch\/fr\/wp-json\/wp\/v2\/media\/324772"}],"wp:attachment":[{"href":"https:\/\/shop.larus.ch\/fr\/wp-json\/wp\/v2\/media?parent=16921"}],"wp:term":[{"taxonomy":"product_cat","embeddable":true,"href":"https:\/\/shop.larus.ch\/fr\/wp-json\/wp\/v2\/product_cat?post=16921"},{"taxonomy":"product_tag","embeddable":true,"href":"https:\/\/shop.larus.ch\/fr\/wp-json\/wp\/v2\/product_tag?post=16921"}],"curies":[{"name":"wp","href":"https:\/\/api.w.org\/{rel}","templated":true}]}}