{"id":16914,"date":"2017-09-05T14:31:43","date_gmt":"2017-09-05T12:31:43","guid":{"rendered":"http:\/\/shop.larus.ch.rubin.metanet.ch\/product\/porte-lattes-en-aluminium\/"},"modified":"2026-04-19T03:00:33","modified_gmt":"2026-04-19T01:00:33","slug":"porte-lattes-en-aluminium-3","status":"publish","type":"product","link":"https:\/\/shop.larus.ch\/fr\/product\/porte-lattes-en-aluminium-3\/","title":{"rendered":"Porte \u00e0 lattes en aluminium"},"content":{"rendered":"<p>Porte \u00e0 lattes en aluminium  <br \/>cadre en acier galvanis\u00e9, lattes en aluminium 60\/20 mm chapeau rond, ferrures galvanis\u00e9s \u00e0 chaud, gonds r\u00e9glables, serrure avec cl\u00e9, couleur RAL ??? (  ) <br \/>ouverture:<\/p>\n<p>montants en acier T 60\/60 mm, L   cm<\/p>\n","protected":false},"excerpt":{"rendered":"<p>Porte \u00e0 lattes en aluminium  <br \/>cadre en acier galvanis\u00e9, lattes en aluminium 60\/20 mm chapeau rond, ferrures galvanis\u00e9s \u00e0 chaud, gonds r\u00e9glables, serrure avec cl\u00e9, couleur RAL ??? (  ) <br \/>ouverture:<\/p>\n<p>montants en acier T 60\/60 mm, L   cm<\/p>\n","protected":false},"featured_media":324262,"template":"","meta":[],"product_cat":[59211],"product_tag":[],"_links":{"self":[{"href":"https:\/\/shop.larus.ch\/fr\/wp-json\/wp\/v2\/product\/16914"}],"collection":[{"href":"https:\/\/shop.larus.ch\/fr\/wp-json\/wp\/v2\/product"}],"about":[{"href":"https:\/\/shop.larus.ch\/fr\/wp-json\/wp\/v2\/types\/product"}],"wp:featuredmedia":[{"embeddable":true,"href":"https:\/\/shop.larus.ch\/fr\/wp-json\/wp\/v2\/media\/324262"}],"wp:attachment":[{"href":"https:\/\/shop.larus.ch\/fr\/wp-json\/wp\/v2\/media?parent=16914"}],"wp:term":[{"taxonomy":"product_cat","embeddable":true,"href":"https:\/\/shop.larus.ch\/fr\/wp-json\/wp\/v2\/product_cat?post=16914"},{"taxonomy":"product_tag","embeddable":true,"href":"https:\/\/shop.larus.ch\/fr\/wp-json\/wp\/v2\/product_tag?post=16914"}],"curies":[{"name":"wp","href":"https:\/\/api.w.org\/{rel}","templated":true}]}}