{"id":16913,"date":"2017-09-05T14:31:43","date_gmt":"2017-09-05T12:31:43","guid":{"rendered":"http:\/\/shop.larus.ch.rubin.metanet.ch\/product\/porte-lattes-en-aluminium\/"},"modified":"2026-04-16T03:15:46","modified_gmt":"2026-04-16T01:15:46","slug":"porte-lattes-en-aluminium-2","status":"publish","type":"product","link":"https:\/\/shop.larus.ch\/fr\/product\/porte-lattes-en-aluminium-2\/","title":{"rendered":"Porte \u00e0 lattes en aluminium"},"content":{"rendered":"<p>Porte \u00e0 lattes en aluminium  <br \/>cadre en acier galvanis\u00e9 \u00e0 chaud, lattes en aluminium 60\/20 mm chapeau rond, ferrures galvanis\u00e9s \u00e0 chaud, gonds r\u00e9glables, serrure avec cl\u00e9, couleur RAL ??? (  ) <br \/>ouverture:<\/p>\n<p>sans montants <\/p>\n","protected":false},"excerpt":{"rendered":"<p>Porte \u00e0 lattes en aluminium  <br \/>cadre en acier galvanis\u00e9 \u00e0 chaud, lattes en aluminium 60\/20 mm chapeau rond, ferrures galvanis\u00e9s \u00e0 chaud, gonds r\u00e9glables, serrure avec cl\u00e9, couleur RAL ??? (  ) <br \/>ouverture:<\/p>\n<p>sans montants <\/p>\n","protected":false},"featured_media":325278,"template":"","meta":[],"product_cat":[59211],"product_tag":[],"_links":{"self":[{"href":"https:\/\/shop.larus.ch\/fr\/wp-json\/wp\/v2\/product\/16913"}],"collection":[{"href":"https:\/\/shop.larus.ch\/fr\/wp-json\/wp\/v2\/product"}],"about":[{"href":"https:\/\/shop.larus.ch\/fr\/wp-json\/wp\/v2\/types\/product"}],"wp:featuredmedia":[{"embeddable":true,"href":"https:\/\/shop.larus.ch\/fr\/wp-json\/wp\/v2\/media\/325278"}],"wp:attachment":[{"href":"https:\/\/shop.larus.ch\/fr\/wp-json\/wp\/v2\/media?parent=16913"}],"wp:term":[{"taxonomy":"product_cat","embeddable":true,"href":"https:\/\/shop.larus.ch\/fr\/wp-json\/wp\/v2\/product_cat?post=16913"},{"taxonomy":"product_tag","embeddable":true,"href":"https:\/\/shop.larus.ch\/fr\/wp-json\/wp\/v2\/product_tag?post=16913"}],"curies":[{"name":"wp","href":"https:\/\/api.w.org\/{rel}","templated":true}]}}