{"id":16910,"date":"2017-09-05T14:31:42","date_gmt":"2017-09-05T12:31:42","guid":{"rendered":"http:\/\/shop.larus.ch.rubin.metanet.ch\/product\/montant-t-en-acier-blanc\/"},"modified":"2026-04-19T03:15:25","modified_gmt":"2026-04-19T01:15:25","slug":"montant-t-en-acier-blanc-4","status":"publish","type":"product","link":"https:\/\/shop.larus.ch\/fr\/product\/montant-t-en-acier-blanc-4\/","title":{"rendered":"Montant T en acier blanc"},"content":{"rendered":"<p>Montant T en acier,  galvanis\u00e9 \u00e0 chaud, rev\u00eatu blanc,<\/p>\n","protected":false},"excerpt":{"rendered":"<p>Montant T en acier,  galvanis\u00e9 \u00e0 chaud, rev\u00eatu blanc,<\/p>\n","protected":false},"featured_media":325674,"template":"","meta":[],"product_cat":[59215],"product_tag":[],"_links":{"self":[{"href":"https:\/\/shop.larus.ch\/fr\/wp-json\/wp\/v2\/product\/16910"}],"collection":[{"href":"https:\/\/shop.larus.ch\/fr\/wp-json\/wp\/v2\/product"}],"about":[{"href":"https:\/\/shop.larus.ch\/fr\/wp-json\/wp\/v2\/types\/product"}],"wp:featuredmedia":[{"embeddable":true,"href":"https:\/\/shop.larus.ch\/fr\/wp-json\/wp\/v2\/media\/325674"}],"wp:attachment":[{"href":"https:\/\/shop.larus.ch\/fr\/wp-json\/wp\/v2\/media?parent=16910"}],"wp:term":[{"taxonomy":"product_cat","embeddable":true,"href":"https:\/\/shop.larus.ch\/fr\/wp-json\/wp\/v2\/product_cat?post=16910"},{"taxonomy":"product_tag","embeddable":true,"href":"https:\/\/shop.larus.ch\/fr\/wp-json\/wp\/v2\/product_tag?post=16910"}],"curies":[{"name":"wp","href":"https:\/\/api.w.org\/{rel}","templated":true}]}}