{"id":16905,"date":"2017-09-05T14:31:41","date_gmt":"2017-09-05T12:31:41","guid":{"rendered":"http:\/\/shop.larus.ch.rubin.metanet.ch\/product\/elment-de-clture-alu\/"},"modified":"2026-04-16T03:05:17","modified_gmt":"2026-04-16T01:05:17","slug":"elment-de-clture-alu-2","status":"publish","type":"product","link":"https:\/\/shop.larus.ch\/fr\/product\/elment-de-clture-alu-2\/","title":{"rendered":"El\u00e9ment de cl\u00f4ture alu"},"content":{"rendered":"<p>El\u00e9ment de cl\u00f4ture \u00e0 lattes en alu avec traverses U en acier 40\/20\/5 mm, galvanis\u00e9 \u00e0 chaud et peint, lattes en alu carr\u00e9es, 2 c\u00f4t\u00e9s longitudinaux arrondis, chapeau rond embo\u00eet\u00e9, avec rivets en alu mont\u00e9s sur les traverses, couleur RAL ????, <\/p>\n","protected":false},"excerpt":{"rendered":"<p>El\u00e9ment de cl\u00f4ture \u00e0 lattes en alu avec traverses U en acier 40\/20\/5 mm, galvanis\u00e9 \u00e0 chaud et peint, lattes en alu carr\u00e9es, 2 c\u00f4t\u00e9s longitudinaux arrondis, chapeau rond embo\u00eet\u00e9, avec rivets en alu mont\u00e9s sur les traverses, couleur RAL ????, <\/p>\n","protected":false},"featured_media":324206,"template":"","meta":[],"product_cat":[59209],"product_tag":[],"_links":{"self":[{"href":"https:\/\/shop.larus.ch\/fr\/wp-json\/wp\/v2\/product\/16905"}],"collection":[{"href":"https:\/\/shop.larus.ch\/fr\/wp-json\/wp\/v2\/product"}],"about":[{"href":"https:\/\/shop.larus.ch\/fr\/wp-json\/wp\/v2\/types\/product"}],"wp:featuredmedia":[{"embeddable":true,"href":"https:\/\/shop.larus.ch\/fr\/wp-json\/wp\/v2\/media\/324206"}],"wp:attachment":[{"href":"https:\/\/shop.larus.ch\/fr\/wp-json\/wp\/v2\/media?parent=16905"}],"wp:term":[{"taxonomy":"product_cat","embeddable":true,"href":"https:\/\/shop.larus.ch\/fr\/wp-json\/wp\/v2\/product_cat?post=16905"},{"taxonomy":"product_tag","embeddable":true,"href":"https:\/\/shop.larus.ch\/fr\/wp-json\/wp\/v2\/product_tag?post=16905"}],"curies":[{"name":"wp","href":"https:\/\/api.w.org\/{rel}","templated":true}]}}