{"id":16877,"date":"2017-09-05T14:31:33","date_gmt":"2017-09-05T12:31:33","guid":{"rendered":"http:\/\/shop.larus.ch.rubin.metanet.ch\/product\/16877\/"},"modified":"2026-04-19T03:00:59","modified_gmt":"2026-04-19T01:00:59","slug":"16877","status":"publish","type":"product","link":"https:\/\/shop.larus.ch\/fr\/product\/16877\/","title":{"rendered":""},"content":{"rendered":"<p>Lattes transversales demi-rondes<br \/>impr\u00e9gn\u00e9 verd\u00e2tre<\/p>\n","protected":false},"excerpt":{"rendered":"<p>Lattes transversales demi-rondes<br \/>impr\u00e9gn\u00e9 verd\u00e2tre<\/p>\n","protected":false},"featured_media":324376,"template":"","meta":[],"product_cat":[59203],"product_tag":[],"_links":{"self":[{"href":"https:\/\/shop.larus.ch\/fr\/wp-json\/wp\/v2\/product\/16877"}],"collection":[{"href":"https:\/\/shop.larus.ch\/fr\/wp-json\/wp\/v2\/product"}],"about":[{"href":"https:\/\/shop.larus.ch\/fr\/wp-json\/wp\/v2\/types\/product"}],"wp:featuredmedia":[{"embeddable":true,"href":"https:\/\/shop.larus.ch\/fr\/wp-json\/wp\/v2\/media\/324376"}],"wp:attachment":[{"href":"https:\/\/shop.larus.ch\/fr\/wp-json\/wp\/v2\/media?parent=16877"}],"wp:term":[{"taxonomy":"product_cat","embeddable":true,"href":"https:\/\/shop.larus.ch\/fr\/wp-json\/wp\/v2\/product_cat?post=16877"},{"taxonomy":"product_tag","embeddable":true,"href":"https:\/\/shop.larus.ch\/fr\/wp-json\/wp\/v2\/product_tag?post=16877"}],"curies":[{"name":"wp","href":"https:\/\/api.w.org\/{rel}","templated":true}]}}