{"id":16870,"date":"2017-09-05T14:31:31","date_gmt":"2017-09-05T12:31:31","guid":{"rendered":"http:\/\/shop.larus.ch.rubin.metanet.ch\/product\/traverses-biseaut-en-haut\/"},"modified":"2026-04-16T03:21:10","modified_gmt":"2026-04-16T01:21:10","slug":"traverses-biseaut-en-haut-4","status":"publish","type":"product","link":"https:\/\/shop.larus.ch\/fr\/product\/traverses-biseaut-en-haut-4\/","title":{"rendered":"Traverses biseaut\u00e9 en haut"},"content":{"rendered":"<p>Traverses carr\u00e9s<br \/>biseaut\u00e9 en haut, impr\u00e9gn\u00e9 brun<\/p>\n","protected":false},"excerpt":{"rendered":"<p>Traverses carr\u00e9s<br \/>biseaut\u00e9 en haut, impr\u00e9gn\u00e9 brun<\/p>\n","protected":false},"featured_media":325822,"template":"","meta":[],"product_cat":[59199],"product_tag":[],"_links":{"self":[{"href":"https:\/\/shop.larus.ch\/fr\/wp-json\/wp\/v2\/product\/16870"}],"collection":[{"href":"https:\/\/shop.larus.ch\/fr\/wp-json\/wp\/v2\/product"}],"about":[{"href":"https:\/\/shop.larus.ch\/fr\/wp-json\/wp\/v2\/types\/product"}],"wp:featuredmedia":[{"embeddable":true,"href":"https:\/\/shop.larus.ch\/fr\/wp-json\/wp\/v2\/media\/325822"}],"wp:attachment":[{"href":"https:\/\/shop.larus.ch\/fr\/wp-json\/wp\/v2\/media?parent=16870"}],"wp:term":[{"taxonomy":"product_cat","embeddable":true,"href":"https:\/\/shop.larus.ch\/fr\/wp-json\/wp\/v2\/product_cat?post=16870"},{"taxonomy":"product_tag","embeddable":true,"href":"https:\/\/shop.larus.ch\/fr\/wp-json\/wp\/v2\/product_tag?post=16870"}],"curies":[{"name":"wp","href":"https:\/\/api.w.org\/{rel}","templated":true}]}}