{"id":16867,"date":"2017-09-05T14:31:31","date_gmt":"2017-09-05T12:31:31","guid":{"rendered":"http:\/\/shop.larus.ch.rubin.metanet.ch\/product\/traverses-non-biseaut\/"},"modified":"2026-04-16T03:11:21","modified_gmt":"2026-04-16T01:11:21","slug":"traverses-non-biseaut-2","status":"publish","type":"product","link":"https:\/\/shop.larus.ch\/fr\/product\/traverses-non-biseaut-2\/","title":{"rendered":"Traverses non biseaut\u00e9"},"content":{"rendered":"<p>Traverses carr\u00e9s<br \/>non biseaut\u00e9, impr\u00e9gn\u00e9 brun<\/p>\n","protected":false},"excerpt":{"rendered":"<p>Traverses carr\u00e9s<br \/>non biseaut\u00e9, impr\u00e9gn\u00e9 brun<\/p>\n","protected":false},"featured_media":324954,"template":"","meta":[],"product_cat":[59197],"product_tag":[],"_links":{"self":[{"href":"https:\/\/shop.larus.ch\/fr\/wp-json\/wp\/v2\/product\/16867"}],"collection":[{"href":"https:\/\/shop.larus.ch\/fr\/wp-json\/wp\/v2\/product"}],"about":[{"href":"https:\/\/shop.larus.ch\/fr\/wp-json\/wp\/v2\/types\/product"}],"wp:featuredmedia":[{"embeddable":true,"href":"https:\/\/shop.larus.ch\/fr\/wp-json\/wp\/v2\/media\/324954"}],"wp:attachment":[{"href":"https:\/\/shop.larus.ch\/fr\/wp-json\/wp\/v2\/media?parent=16867"}],"wp:term":[{"taxonomy":"product_cat","embeddable":true,"href":"https:\/\/shop.larus.ch\/fr\/wp-json\/wp\/v2\/product_cat?post=16867"},{"taxonomy":"product_tag","embeddable":true,"href":"https:\/\/shop.larus.ch\/fr\/wp-json\/wp\/v2\/product_tag?post=16867"}],"curies":[{"name":"wp","href":"https:\/\/api.w.org\/{rel}","templated":true}]}}