{"id":16854,"date":"2017-09-05T14:31:27","date_gmt":"2017-09-05T12:31:27","guid":{"rendered":"http:\/\/shop.larus.ch.rubin.metanet.ch\/product\/palissades-clture-treillis\/"},"modified":"2026-04-16T03:20:44","modified_gmt":"2026-04-16T01:20:44","slug":"palissades-clture-treillis-7","status":"publish","type":"product","link":"https:\/\/shop.larus.ch\/fr\/product\/palissades-clture-treillis-7\/","title":{"rendered":"Palissades cl\u00f4ture treillis"},"content":{"rendered":"<p>Palissades de cl\u00f4ture \u00e0 treillis<br \/>impr\u00e9gn\u00e9 brun, pointu en haut<\/p>\n","protected":false},"excerpt":{"rendered":"<p>Palissades de cl\u00f4ture \u00e0 treillis<br \/>impr\u00e9gn\u00e9 brun, pointu en haut<\/p>\n","protected":false},"featured_media":323681,"template":"","meta":[],"product_cat":[59195],"product_tag":[],"_links":{"self":[{"href":"https:\/\/shop.larus.ch\/fr\/wp-json\/wp\/v2\/product\/16854"}],"collection":[{"href":"https:\/\/shop.larus.ch\/fr\/wp-json\/wp\/v2\/product"}],"about":[{"href":"https:\/\/shop.larus.ch\/fr\/wp-json\/wp\/v2\/types\/product"}],"wp:featuredmedia":[{"embeddable":true,"href":"https:\/\/shop.larus.ch\/fr\/wp-json\/wp\/v2\/media\/323681"}],"wp:attachment":[{"href":"https:\/\/shop.larus.ch\/fr\/wp-json\/wp\/v2\/media?parent=16854"}],"wp:term":[{"taxonomy":"product_cat","embeddable":true,"href":"https:\/\/shop.larus.ch\/fr\/wp-json\/wp\/v2\/product_cat?post=16854"},{"taxonomy":"product_tag","embeddable":true,"href":"https:\/\/shop.larus.ch\/fr\/wp-json\/wp\/v2\/product_tag?post=16854"}],"curies":[{"name":"wp","href":"https:\/\/api.w.org\/{rel}","templated":true}]}}