{"id":16841,"date":"2017-09-05T14:31:24","date_gmt":"2017-09-05T12:31:24","guid":{"rendered":"http:\/\/shop.larus.ch.rubin.metanet.ch\/product\/lattes-de-clture\/"},"modified":"2026-04-16T03:15:10","modified_gmt":"2026-04-16T01:15:10","slug":"lattes-de-clture","status":"publish","type":"product","link":"https:\/\/shop.larus.ch\/fr\/product\/lattes-de-clture\/","title":{"rendered":"Lattes de cl\u00f4ture"},"content":{"rendered":"<p>Lattes de cl\u00f4ture en m\u00e9l\u00e8ze naturel, bross\u00e9s<br \/>biseaut\u00e9 en haut 30\u00b0, rabot\u00e9s<\/p>\n","protected":false},"excerpt":{"rendered":"<p>Lattes de cl\u00f4ture en m\u00e9l\u00e8ze naturel, bross\u00e9s<br \/>biseaut\u00e9 en haut 30\u00b0, rabot\u00e9s<\/p>\n","protected":false},"featured_media":323213,"template":"","meta":[],"product_cat":[59189,59141],"product_tag":[],"_links":{"self":[{"href":"https:\/\/shop.larus.ch\/fr\/wp-json\/wp\/v2\/product\/16841"}],"collection":[{"href":"https:\/\/shop.larus.ch\/fr\/wp-json\/wp\/v2\/product"}],"about":[{"href":"https:\/\/shop.larus.ch\/fr\/wp-json\/wp\/v2\/types\/product"}],"wp:featuredmedia":[{"embeddable":true,"href":"https:\/\/shop.larus.ch\/fr\/wp-json\/wp\/v2\/media\/323213"}],"wp:attachment":[{"href":"https:\/\/shop.larus.ch\/fr\/wp-json\/wp\/v2\/media?parent=16841"}],"wp:term":[{"taxonomy":"product_cat","embeddable":true,"href":"https:\/\/shop.larus.ch\/fr\/wp-json\/wp\/v2\/product_cat?post=16841"},{"taxonomy":"product_tag","embeddable":true,"href":"https:\/\/shop.larus.ch\/fr\/wp-json\/wp\/v2\/product_tag?post=16841"}],"curies":[{"name":"wp","href":"https:\/\/api.w.org\/{rel}","templated":true}]}}