{"id":16839,"date":"2017-09-05T14:31:23","date_gmt":"2017-09-05T12:31:23","guid":{"rendered":"http:\/\/shop.larus.ch.rubin.metanet.ch\/product\/lattes-de-clture-en-mlze\/"},"modified":"2026-04-16T03:05:25","modified_gmt":"2026-04-16T01:05:25","slug":"lattes-de-clture-en-mlze-4","status":"publish","type":"product","link":"https:\/\/shop.larus.ch\/fr\/product\/lattes-de-clture-en-mlze-4\/","title":{"rendered":"Lattes de cl\u00f4ture en m\u00e9l\u00e8ze"},"content":{"rendered":"<p>Lattes de cl\u00f4ture en m\u00e9l\u00e8ze naturel, bross\u00e9s<br \/>arrondies en haut, rabot\u00e9s<\/p>\n","protected":false},"excerpt":{"rendered":"<p>Lattes de cl\u00f4ture en m\u00e9l\u00e8ze naturel, bross\u00e9s<br \/>arrondies en haut, rabot\u00e9s<\/p>\n","protected":false},"featured_media":323967,"template":"","meta":[],"product_cat":[59189,59141],"product_tag":[],"_links":{"self":[{"href":"https:\/\/shop.larus.ch\/fr\/wp-json\/wp\/v2\/product\/16839"}],"collection":[{"href":"https:\/\/shop.larus.ch\/fr\/wp-json\/wp\/v2\/product"}],"about":[{"href":"https:\/\/shop.larus.ch\/fr\/wp-json\/wp\/v2\/types\/product"}],"wp:featuredmedia":[{"embeddable":true,"href":"https:\/\/shop.larus.ch\/fr\/wp-json\/wp\/v2\/media\/323967"}],"wp:attachment":[{"href":"https:\/\/shop.larus.ch\/fr\/wp-json\/wp\/v2\/media?parent=16839"}],"wp:term":[{"taxonomy":"product_cat","embeddable":true,"href":"https:\/\/shop.larus.ch\/fr\/wp-json\/wp\/v2\/product_cat?post=16839"},{"taxonomy":"product_tag","embeddable":true,"href":"https:\/\/shop.larus.ch\/fr\/wp-json\/wp\/v2\/product_tag?post=16839"}],"curies":[{"name":"wp","href":"https:\/\/api.w.org\/{rel}","templated":true}]}}