{"id":16828,"date":"2017-09-05T14:31:20","date_gmt":"2017-09-05T12:31:20","guid":{"rendered":"http:\/\/shop.larus.ch.rubin.metanet.ch\/product\/lattes\/"},"modified":"2026-04-16T03:06:22","modified_gmt":"2026-04-16T01:06:22","slug":"lattes-8","status":"publish","type":"product","link":"https:\/\/shop.larus.ch\/fr\/product\/lattes-8\/","title":{"rendered":"Lattes"},"content":{"rendered":"<p>Lattes<br \/>impr\u00e9gn\u00e9 brun, t\u00eate no. 3<br \/>(arrondi)<\/p>\n","protected":false},"excerpt":{"rendered":"<p>Lattes<br \/>impr\u00e9gn\u00e9 brun, t\u00eate no. 3<br \/>(arrondi)<\/p>\n","protected":false},"featured_media":324480,"template":"","meta":[],"product_cat":[59185],"product_tag":[],"_links":{"self":[{"href":"https:\/\/shop.larus.ch\/fr\/wp-json\/wp\/v2\/product\/16828"}],"collection":[{"href":"https:\/\/shop.larus.ch\/fr\/wp-json\/wp\/v2\/product"}],"about":[{"href":"https:\/\/shop.larus.ch\/fr\/wp-json\/wp\/v2\/types\/product"}],"wp:featuredmedia":[{"embeddable":true,"href":"https:\/\/shop.larus.ch\/fr\/wp-json\/wp\/v2\/media\/324480"}],"wp:attachment":[{"href":"https:\/\/shop.larus.ch\/fr\/wp-json\/wp\/v2\/media?parent=16828"}],"wp:term":[{"taxonomy":"product_cat","embeddable":true,"href":"https:\/\/shop.larus.ch\/fr\/wp-json\/wp\/v2\/product_cat?post=16828"},{"taxonomy":"product_tag","embeddable":true,"href":"https:\/\/shop.larus.ch\/fr\/wp-json\/wp\/v2\/product_tag?post=16828"}],"curies":[{"name":"wp","href":"https:\/\/api.w.org\/{rel}","templated":true}]}}