{"id":16818,"date":"2017-09-05T14:31:17","date_gmt":"2017-09-05T12:31:17","guid":{"rendered":"http:\/\/shop.larus.ch.rubin.metanet.ch\/product\/poteau-en-pica-clture-en-bois-ronds\/"},"modified":"2026-04-16T03:11:36","modified_gmt":"2026-04-16T01:11:36","slug":"poteau-en-pica-clture-en-bois-ronds","status":"publish","type":"product","link":"https:\/\/shop.larus.ch\/fr\/product\/poteau-en-pica-clture-en-bois-ronds\/","title":{"rendered":"Poteau en \u00e9pic\u00e9a cl\u00f4ture en bois ronds"},"content":{"rendered":"<p>Poteau en \u00e9pic\u00e9a pour cl\u00f4ture en bois ronds, poteau d\u00b4 extr\u00e9mit\u00e9, avec 4 rainures pour bois rond \u00d8 7cm frais\u00e9 cylindrique, pointu, chanfrein\u00e9, impr\u00e9gn\u00e9 brun<\/p>\n","protected":false},"excerpt":{"rendered":"<p>Poteau en \u00e9pic\u00e9a pour cl\u00f4ture en bois ronds, poteau d\u00b4 extr\u00e9mit\u00e9, avec 4 rainures pour bois rond \u00d8 7cm frais\u00e9 cylindrique, pointu, chanfrein\u00e9, impr\u00e9gn\u00e9 brun<\/p>\n","protected":false},"featured_media":325012,"template":"","meta":[],"product_cat":[59179],"product_tag":[],"_links":{"self":[{"href":"https:\/\/shop.larus.ch\/fr\/wp-json\/wp\/v2\/product\/16818"}],"collection":[{"href":"https:\/\/shop.larus.ch\/fr\/wp-json\/wp\/v2\/product"}],"about":[{"href":"https:\/\/shop.larus.ch\/fr\/wp-json\/wp\/v2\/types\/product"}],"wp:featuredmedia":[{"embeddable":true,"href":"https:\/\/shop.larus.ch\/fr\/wp-json\/wp\/v2\/media\/325012"}],"wp:attachment":[{"href":"https:\/\/shop.larus.ch\/fr\/wp-json\/wp\/v2\/media?parent=16818"}],"wp:term":[{"taxonomy":"product_cat","embeddable":true,"href":"https:\/\/shop.larus.ch\/fr\/wp-json\/wp\/v2\/product_cat?post=16818"},{"taxonomy":"product_tag","embeddable":true,"href":"https:\/\/shop.larus.ch\/fr\/wp-json\/wp\/v2\/product_tag?post=16818"}],"curies":[{"name":"wp","href":"https:\/\/api.w.org\/{rel}","templated":true}]}}