{"id":16810,"date":"2017-09-05T14:31:15","date_gmt":"2017-09-05T12:31:15","guid":{"rendered":"http:\/\/shop.larus.ch.rubin.metanet.ch\/product\/poteau-d-extrmit\/"},"modified":"2026-04-16T03:20:49","modified_gmt":"2026-04-16T01:20:49","slug":"poteau-d-extrmit","status":"publish","type":"product","link":"https:\/\/shop.larus.ch\/fr\/product\/poteau-d-extrmit\/","title":{"rendered":"poteau d\u00b4 extr\u00e9mit\u00e9"},"content":{"rendered":"<p>Poteau en \u00e9pic\u00e9a pour cl\u00f4ture en bois ronds, poteau d\u00b4 extr\u00e9mit\u00e9, avec 2 rainures pour bois rond \u00d8 7cm frais\u00e9 cylindrique, pointu, chanfrein\u00e9, impr\u00e9gn\u00e9 brun<\/p>\n","protected":false},"excerpt":{"rendered":"<p>Poteau en \u00e9pic\u00e9a pour cl\u00f4ture en bois ronds, poteau d\u00b4 extr\u00e9mit\u00e9, avec 2 rainures pour bois rond \u00d8 7cm frais\u00e9 cylindrique, pointu, chanfrein\u00e9, impr\u00e9gn\u00e9 brun<\/p>\n","protected":false},"featured_media":325744,"template":"","meta":[],"product_cat":[59179],"product_tag":[],"_links":{"self":[{"href":"https:\/\/shop.larus.ch\/fr\/wp-json\/wp\/v2\/product\/16810"}],"collection":[{"href":"https:\/\/shop.larus.ch\/fr\/wp-json\/wp\/v2\/product"}],"about":[{"href":"https:\/\/shop.larus.ch\/fr\/wp-json\/wp\/v2\/types\/product"}],"wp:featuredmedia":[{"embeddable":true,"href":"https:\/\/shop.larus.ch\/fr\/wp-json\/wp\/v2\/media\/325744"}],"wp:attachment":[{"href":"https:\/\/shop.larus.ch\/fr\/wp-json\/wp\/v2\/media?parent=16810"}],"wp:term":[{"taxonomy":"product_cat","embeddable":true,"href":"https:\/\/shop.larus.ch\/fr\/wp-json\/wp\/v2\/product_cat?post=16810"},{"taxonomy":"product_tag","embeddable":true,"href":"https:\/\/shop.larus.ch\/fr\/wp-json\/wp\/v2\/product_tag?post=16810"}],"curies":[{"name":"wp","href":"https:\/\/api.w.org\/{rel}","templated":true}]}}