{"id":16806,"date":"2017-09-05T14:31:14","date_gmt":"2017-09-05T12:31:14","guid":{"rendered":"http:\/\/shop.larus.ch.rubin.metanet.ch\/product\/etaisbois-ronds\/"},"modified":"2026-04-19T03:00:38","modified_gmt":"2026-04-19T01:00:38","slug":"etaisbois-ronds","status":"publish","type":"product","link":"https:\/\/shop.larus.ch\/fr\/product\/etaisbois-ronds\/","title":{"rendered":"Etais\/bois ronds"},"content":{"rendered":"<p>Etais\/bois ronds<br \/>chanfrein\u00e9s l\u00e9g\u00e8rement des deux c\u00f4t\u00e9s, impr\u00e9gn\u00e9 brun<\/p>\n","protected":false},"excerpt":{"rendered":"<p>Etais\/bois ronds<br \/>chanfrein\u00e9s l\u00e9g\u00e8rement des deux c\u00f4t\u00e9s, impr\u00e9gn\u00e9 brun<\/p>\n","protected":false},"featured_media":324286,"template":"","meta":[],"product_cat":[59177],"product_tag":[],"_links":{"self":[{"href":"https:\/\/shop.larus.ch\/fr\/wp-json\/wp\/v2\/product\/16806"}],"collection":[{"href":"https:\/\/shop.larus.ch\/fr\/wp-json\/wp\/v2\/product"}],"about":[{"href":"https:\/\/shop.larus.ch\/fr\/wp-json\/wp\/v2\/types\/product"}],"wp:featuredmedia":[{"embeddable":true,"href":"https:\/\/shop.larus.ch\/fr\/wp-json\/wp\/v2\/media\/324286"}],"wp:attachment":[{"href":"https:\/\/shop.larus.ch\/fr\/wp-json\/wp\/v2\/media?parent=16806"}],"wp:term":[{"taxonomy":"product_cat","embeddable":true,"href":"https:\/\/shop.larus.ch\/fr\/wp-json\/wp\/v2\/product_cat?post=16806"},{"taxonomy":"product_tag","embeddable":true,"href":"https:\/\/shop.larus.ch\/fr\/wp-json\/wp\/v2\/product_tag?post=16806"}],"curies":[{"name":"wp","href":"https:\/\/api.w.org\/{rel}","templated":true}]}}