{"id":16804,"date":"2017-09-05T14:31:14","date_gmt":"2017-09-05T12:31:14","guid":{"rendered":"http:\/\/shop.larus.ch.rubin.metanet.ch\/product\/poteaux-en-chne-quarris-clture-d-enclos\/"},"modified":"2026-04-21T03:16:48","modified_gmt":"2026-04-21T01:16:48","slug":"poteaux-en-chne-quarris-clture-d-enclos","status":"publish","type":"product","link":"https:\/\/shop.larus.ch\/fr\/product\/poteaux-en-chne-quarris-clture-d-enclos\/","title":{"rendered":"Poteaux en ch\u00eane \u00e9quarris cl\u00f4ture d\u00b4 enclos"},"content":{"rendered":"<p>Poteaux en ch\u00eane \u00e9quarris cl\u00f4ture d\u00b4 enclos, poteau d\u00b4 extr\u00e9mit\u00e9 avec 4 rainures pour planches 12\/4 cm, rabot\u00e9, pointu, chanfrein\u00e9, t\u00eate en forme pyramide, rainure p\u00e9riph\u00e9rique, naturel<\/p>\n","protected":false},"excerpt":{"rendered":"<p>Poteaux en ch\u00eane \u00e9quarris cl\u00f4ture d\u00b4 enclos, poteau d\u00b4 extr\u00e9mit\u00e9 avec 4 rainures pour planches 12\/4 cm, rabot\u00e9, pointu, chanfrein\u00e9, t\u00eate en forme pyramide, rainure p\u00e9riph\u00e9rique, naturel<\/p>\n","protected":false},"featured_media":325980,"template":"","meta":[],"product_cat":[59175],"product_tag":[],"_links":{"self":[{"href":"https:\/\/shop.larus.ch\/fr\/wp-json\/wp\/v2\/product\/16804"}],"collection":[{"href":"https:\/\/shop.larus.ch\/fr\/wp-json\/wp\/v2\/product"}],"about":[{"href":"https:\/\/shop.larus.ch\/fr\/wp-json\/wp\/v2\/types\/product"}],"wp:featuredmedia":[{"embeddable":true,"href":"https:\/\/shop.larus.ch\/fr\/wp-json\/wp\/v2\/media\/325980"}],"wp:attachment":[{"href":"https:\/\/shop.larus.ch\/fr\/wp-json\/wp\/v2\/media?parent=16804"}],"wp:term":[{"taxonomy":"product_cat","embeddable":true,"href":"https:\/\/shop.larus.ch\/fr\/wp-json\/wp\/v2\/product_cat?post=16804"},{"taxonomy":"product_tag","embeddable":true,"href":"https:\/\/shop.larus.ch\/fr\/wp-json\/wp\/v2\/product_tag?post=16804"}],"curies":[{"name":"wp","href":"https:\/\/api.w.org\/{rel}","templated":true}]}}