{"id":16803,"date":"2017-09-05T14:31:13","date_gmt":"2017-09-05T12:31:13","guid":{"rendered":"http:\/\/shop.larus.ch.rubin.metanet.ch\/product\/poteaux-en-chne-quarris-clture-d-enclos\/"},"modified":"2026-04-19T03:11:03","modified_gmt":"2026-04-19T01:11:03","slug":"poteaux-en-chne-quarris-clture-d-enclos-9","status":"publish","type":"product","link":"https:\/\/shop.larus.ch\/fr\/product\/poteaux-en-chne-quarris-clture-d-enclos-9\/","title":{"rendered":"Poteaux en ch\u00eane \u00e9quarris cl\u00f4ture d\u00b4 enclos"},"content":{"rendered":"<p>Poteaux en ch\u00eane \u00e9quarris cl\u00f4ture d\u00b4 enclos, poteau d\u00b4 angle avec 4 rainures pour planches 12\/4 cm, rabot\u00e9, pointu, chanfrein\u00e9, t\u00eate en forme pyramide, rainure p\u00e9riph\u00e9rique, naturel<\/p>\n","protected":false},"excerpt":{"rendered":"<p>Poteaux en ch\u00eane \u00e9quarris cl\u00f4ture d\u00b4 enclos, poteau d\u00b4 angle avec 4 rainures pour planches 12\/4 cm, rabot\u00e9, pointu, chanfrein\u00e9, t\u00eate en forme pyramide, rainure p\u00e9riph\u00e9rique, naturel<\/p>\n","protected":false},"featured_media":325370,"template":"","meta":[],"product_cat":[59175],"product_tag":[],"_links":{"self":[{"href":"https:\/\/shop.larus.ch\/fr\/wp-json\/wp\/v2\/product\/16803"}],"collection":[{"href":"https:\/\/shop.larus.ch\/fr\/wp-json\/wp\/v2\/product"}],"about":[{"href":"https:\/\/shop.larus.ch\/fr\/wp-json\/wp\/v2\/types\/product"}],"wp:featuredmedia":[{"embeddable":true,"href":"https:\/\/shop.larus.ch\/fr\/wp-json\/wp\/v2\/media\/325370"}],"wp:attachment":[{"href":"https:\/\/shop.larus.ch\/fr\/wp-json\/wp\/v2\/media?parent=16803"}],"wp:term":[{"taxonomy":"product_cat","embeddable":true,"href":"https:\/\/shop.larus.ch\/fr\/wp-json\/wp\/v2\/product_cat?post=16803"},{"taxonomy":"product_tag","embeddable":true,"href":"https:\/\/shop.larus.ch\/fr\/wp-json\/wp\/v2\/product_tag?post=16803"}],"curies":[{"name":"wp","href":"https:\/\/api.w.org\/{rel}","templated":true}]}}