{"id":16799,"date":"2017-09-05T14:31:12","date_gmt":"2017-09-05T12:31:12","guid":{"rendered":"http:\/\/shop.larus.ch.rubin.metanet.ch\/product\/poteaux-en-chne-quarris-clture-d-enclos\/"},"modified":"2026-04-21T03:05:54","modified_gmt":"2026-04-21T01:05:54","slug":"poteaux-en-chne-quarris-clture-d-enclos-7","status":"publish","type":"product","link":"https:\/\/shop.larus.ch\/fr\/product\/poteaux-en-chne-quarris-clture-d-enclos-7\/","title":{"rendered":"Poteaux en ch\u00eane \u00e9quarris cl\u00f4ture d\u00b4 enclos"},"content":{"rendered":"<p>Poteaux en ch\u00eane \u00e9quarris cl\u00f4ture d\u00b4 enclos, poteau d\u00b4 extr\u00e9mit\u00e9 avec 3 rainures pour planches 12\/4 cm, rabot\u00e9, pointu, chanfrein\u00e9, t\u00eate en forme pyramide, rainure p\u00e9riph\u00e9rique, naturel<\/p>\n","protected":false},"excerpt":{"rendered":"<p>Poteaux en ch\u00eane \u00e9quarris cl\u00f4ture d\u00b4 enclos, poteau d\u00b4 extr\u00e9mit\u00e9 avec 3 rainures pour planches 12\/4 cm, rabot\u00e9, pointu, chanfrein\u00e9, t\u00eate en forme pyramide, rainure p\u00e9riph\u00e9rique, naturel<\/p>\n","protected":false},"featured_media":324884,"template":"","meta":[],"product_cat":[59175],"product_tag":[],"_links":{"self":[{"href":"https:\/\/shop.larus.ch\/fr\/wp-json\/wp\/v2\/product\/16799"}],"collection":[{"href":"https:\/\/shop.larus.ch\/fr\/wp-json\/wp\/v2\/product"}],"about":[{"href":"https:\/\/shop.larus.ch\/fr\/wp-json\/wp\/v2\/types\/product"}],"wp:featuredmedia":[{"embeddable":true,"href":"https:\/\/shop.larus.ch\/fr\/wp-json\/wp\/v2\/media\/324884"}],"wp:attachment":[{"href":"https:\/\/shop.larus.ch\/fr\/wp-json\/wp\/v2\/media?parent=16799"}],"wp:term":[{"taxonomy":"product_cat","embeddable":true,"href":"https:\/\/shop.larus.ch\/fr\/wp-json\/wp\/v2\/product_cat?post=16799"},{"taxonomy":"product_tag","embeddable":true,"href":"https:\/\/shop.larus.ch\/fr\/wp-json\/wp\/v2\/product_tag?post=16799"}],"curies":[{"name":"wp","href":"https:\/\/api.w.org\/{rel}","templated":true}]}}