{"id":16778,"date":"2017-09-05T14:31:07","date_gmt":"2017-09-05T12:31:07","guid":{"rendered":"http:\/\/shop.larus.ch.rubin.metanet.ch\/product\/poteau-en-mlze-quarris-clture-d-enclos\/"},"modified":"2026-04-16T03:20:34","modified_gmt":"2026-04-16T01:20:34","slug":"poteau-en-mlze-quarris-clture-d-enclos-4","status":"publish","type":"product","link":"https:\/\/shop.larus.ch\/fr\/product\/poteau-en-mlze-quarris-clture-d-enclos-4\/","title":{"rendered":"Poteau en m\u00e9l\u00e8ze \u00e9quarris cl\u00f4ture d\u00b4 enclos"},"content":{"rendered":"<p>Poteau en m\u00e9l\u00e8ze \u00e9quarris cl\u00f4ture d\u00b4 enclos, poteau d\u00b4 angle avec 3 rainures pour planches 12\/4 cm, rabot\u00e9, pointu, chanfrein\u00e9, impr\u00e9gn\u00e9 brun<\/p>\n","protected":false},"excerpt":{"rendered":"<p>Poteau en m\u00e9l\u00e8ze \u00e9quarris cl\u00f4ture d\u00b4 enclos, poteau d\u00b4 angle avec 3 rainures pour planches 12\/4 cm, rabot\u00e9, pointu, chanfrein\u00e9, impr\u00e9gn\u00e9 brun<\/p>\n","protected":false},"featured_media":325668,"template":"","meta":[],"product_cat":[59173],"product_tag":[],"_links":{"self":[{"href":"https:\/\/shop.larus.ch\/fr\/wp-json\/wp\/v2\/product\/16778"}],"collection":[{"href":"https:\/\/shop.larus.ch\/fr\/wp-json\/wp\/v2\/product"}],"about":[{"href":"https:\/\/shop.larus.ch\/fr\/wp-json\/wp\/v2\/types\/product"}],"wp:featuredmedia":[{"embeddable":true,"href":"https:\/\/shop.larus.ch\/fr\/wp-json\/wp\/v2\/media\/325668"}],"wp:attachment":[{"href":"https:\/\/shop.larus.ch\/fr\/wp-json\/wp\/v2\/media?parent=16778"}],"wp:term":[{"taxonomy":"product_cat","embeddable":true,"href":"https:\/\/shop.larus.ch\/fr\/wp-json\/wp\/v2\/product_cat?post=16778"},{"taxonomy":"product_tag","embeddable":true,"href":"https:\/\/shop.larus.ch\/fr\/wp-json\/wp\/v2\/product_tag?post=16778"}],"curies":[{"name":"wp","href":"https:\/\/api.w.org\/{rel}","templated":true}]}}