{"id":16763,"date":"2017-09-05T14:31:02","date_gmt":"2017-09-05T12:31:02","guid":{"rendered":"http:\/\/shop.larus.ch.rubin.metanet.ch\/product\/poteau-en-pica-clture-d-enclos\/"},"modified":"2026-04-16T03:21:24","modified_gmt":"2026-04-16T01:21:24","slug":"poteau-en-pica-clture-d-enclos-3","status":"publish","type":"product","link":"https:\/\/shop.larus.ch\/fr\/product\/poteau-en-pica-clture-d-enclos-3\/","title":{"rendered":"Poteau en \u00e9pic\u00e9a cl\u00f4ture d\u00b4 enclos"},"content":{"rendered":"<p>Poteau en \u00e9pic\u00e9a cl\u00f4ture d\u00b4 enclos, poteau T, avec 3 rainures pour planches 12\/4 cm, frais\u00e9 cylindrique, pointu, chanfrein\u00e9, impr\u00e9gn\u00e9 brun<\/p>\n","protected":false},"excerpt":{"rendered":"<p>Poteau en \u00e9pic\u00e9a cl\u00f4ture d\u00b4 enclos, poteau T, avec 3 rainures pour planches 12\/4 cm, frais\u00e9 cylindrique, pointu, chanfrein\u00e9, impr\u00e9gn\u00e9 brun<\/p>\n","protected":false},"featured_media":325876,"template":"","meta":[],"product_cat":[59169],"product_tag":[],"_links":{"self":[{"href":"https:\/\/shop.larus.ch\/fr\/wp-json\/wp\/v2\/product\/16763"}],"collection":[{"href":"https:\/\/shop.larus.ch\/fr\/wp-json\/wp\/v2\/product"}],"about":[{"href":"https:\/\/shop.larus.ch\/fr\/wp-json\/wp\/v2\/types\/product"}],"wp:featuredmedia":[{"embeddable":true,"href":"https:\/\/shop.larus.ch\/fr\/wp-json\/wp\/v2\/media\/325876"}],"wp:attachment":[{"href":"https:\/\/shop.larus.ch\/fr\/wp-json\/wp\/v2\/media?parent=16763"}],"wp:term":[{"taxonomy":"product_cat","embeddable":true,"href":"https:\/\/shop.larus.ch\/fr\/wp-json\/wp\/v2\/product_cat?post=16763"},{"taxonomy":"product_tag","embeddable":true,"href":"https:\/\/shop.larus.ch\/fr\/wp-json\/wp\/v2\/product_tag?post=16763"}],"curies":[{"name":"wp","href":"https:\/\/api.w.org\/{rel}","templated":true}]}}