{"id":16761,"date":"2017-09-05T14:31:02","date_gmt":"2017-09-05T12:31:02","guid":{"rendered":"http:\/\/shop.larus.ch.rubin.metanet.ch\/product\/plaches-en-pica-clture-d-enclos\/"},"modified":"2026-04-16T03:06:42","modified_gmt":"2026-04-16T01:06:42","slug":"plaches-en-pica-clture-d-enclos","status":"publish","type":"product","link":"https:\/\/shop.larus.ch\/fr\/product\/plaches-en-pica-clture-d-enclos\/","title":{"rendered":"Plaches en \u00e9pic\u00e9a cl\u00f4ture d\u00b4 enclos"},"content":{"rendered":"<p>Planches en \u00e9pic\u00e9a cl\u00f4ture d\u00b4 enclos<br \/>rabot\u00e9, ar\u00eates longitudinaux arrondis,<br \/>impr\u00e9gn\u00e9 brun<\/p>\n","protected":false},"excerpt":{"rendered":"<p>Planches en \u00e9pic\u00e9a cl\u00f4ture d\u00b4 enclos<br \/>rabot\u00e9, ar\u00eates longitudinaux arrondis,<br \/>impr\u00e9gn\u00e9 brun<\/p>\n","protected":false},"featured_media":324572,"template":"","meta":[],"product_cat":[59167],"product_tag":[],"_links":{"self":[{"href":"https:\/\/shop.larus.ch\/fr\/wp-json\/wp\/v2\/product\/16761"}],"collection":[{"href":"https:\/\/shop.larus.ch\/fr\/wp-json\/wp\/v2\/product"}],"about":[{"href":"https:\/\/shop.larus.ch\/fr\/wp-json\/wp\/v2\/types\/product"}],"wp:featuredmedia":[{"embeddable":true,"href":"https:\/\/shop.larus.ch\/fr\/wp-json\/wp\/v2\/media\/324572"}],"wp:attachment":[{"href":"https:\/\/shop.larus.ch\/fr\/wp-json\/wp\/v2\/media?parent=16761"}],"wp:term":[{"taxonomy":"product_cat","embeddable":true,"href":"https:\/\/shop.larus.ch\/fr\/wp-json\/wp\/v2\/product_cat?post=16761"},{"taxonomy":"product_tag","embeddable":true,"href":"https:\/\/shop.larus.ch\/fr\/wp-json\/wp\/v2\/product_tag?post=16761"}],"curies":[{"name":"wp","href":"https:\/\/api.w.org\/{rel}","templated":true}]}}