{"id":16758,"date":"2017-09-05T14:31:01","date_gmt":"2017-09-05T12:31:01","guid":{"rendered":"http:\/\/shop.larus.ch.rubin.metanet.ch\/product\/porte-p-cl-croise\/"},"modified":"2026-04-16T03:16:38","modified_gmt":"2026-04-16T01:16:38","slug":"porte-p-cl-croise-2","status":"publish","type":"product","link":"https:\/\/shop.larus.ch\/fr\/product\/porte-p-cl-croise-2\/","title":{"rendered":"Porte p. cl\u00f4. crois\u00e9e"},"content":{"rendered":"<p>Portes normalis\u00e9es pour cl\u00f4ture crois\u00e9e<br \/>(Pletscher)<br \/>impr\u00e9gn\u00e9 brun<\/p>\n","protected":false},"excerpt":{"rendered":"<p>Portes normalis\u00e9es pour cl\u00f4ture crois\u00e9e<br \/>(Pletscher)<br \/>impr\u00e9gn\u00e9 brun<\/p>\n","protected":false},"featured_media":325456,"template":"","meta":[],"product_cat":[59163],"product_tag":[],"_links":{"self":[{"href":"https:\/\/shop.larus.ch\/fr\/wp-json\/wp\/v2\/product\/16758"}],"collection":[{"href":"https:\/\/shop.larus.ch\/fr\/wp-json\/wp\/v2\/product"}],"about":[{"href":"https:\/\/shop.larus.ch\/fr\/wp-json\/wp\/v2\/types\/product"}],"wp:featuredmedia":[{"embeddable":true,"href":"https:\/\/shop.larus.ch\/fr\/wp-json\/wp\/v2\/media\/325456"}],"wp:attachment":[{"href":"https:\/\/shop.larus.ch\/fr\/wp-json\/wp\/v2\/media?parent=16758"}],"wp:term":[{"taxonomy":"product_cat","embeddable":true,"href":"https:\/\/shop.larus.ch\/fr\/wp-json\/wp\/v2\/product_cat?post=16758"},{"taxonomy":"product_tag","embeddable":true,"href":"https:\/\/shop.larus.ch\/fr\/wp-json\/wp\/v2\/product_tag?post=16758"}],"curies":[{"name":"wp","href":"https:\/\/api.w.org\/{rel}","templated":true}]}}