{"id":16757,"date":"2017-09-05T14:31:01","date_gmt":"2017-09-05T12:31:01","guid":{"rendered":"http:\/\/shop.larus.ch.rubin.metanet.ch\/product\/clture-croise-ext\/"},"modified":"2026-04-16T03:10:18","modified_gmt":"2026-04-16T01:10:18","slug":"clture-croise-ext","status":"publish","type":"product","link":"https:\/\/shop.larus.ch\/fr\/product\/clture-croise-ext\/","title":{"rendered":"Cl\u00f4ture crois\u00e9e ext."},"content":{"rendered":"<p>Cl\u00f4ture crois\u00e9e<br \/>extensible, sans traverses<br \/>impr\u00e9gn\u00e9 brun<\/p>\n","protected":false},"excerpt":{"rendered":"<p>Cl\u00f4ture crois\u00e9e<br \/>extensible, sans traverses<br \/>impr\u00e9gn\u00e9 brun<\/p>\n","protected":false},"featured_media":322917,"template":"","meta":[],"product_cat":[59161],"product_tag":[],"_links":{"self":[{"href":"https:\/\/shop.larus.ch\/fr\/wp-json\/wp\/v2\/product\/16757"}],"collection":[{"href":"https:\/\/shop.larus.ch\/fr\/wp-json\/wp\/v2\/product"}],"about":[{"href":"https:\/\/shop.larus.ch\/fr\/wp-json\/wp\/v2\/types\/product"}],"wp:featuredmedia":[{"embeddable":true,"href":"https:\/\/shop.larus.ch\/fr\/wp-json\/wp\/v2\/media\/322917"}],"wp:attachment":[{"href":"https:\/\/shop.larus.ch\/fr\/wp-json\/wp\/v2\/media?parent=16757"}],"wp:term":[{"taxonomy":"product_cat","embeddable":true,"href":"https:\/\/shop.larus.ch\/fr\/wp-json\/wp\/v2\/product_cat?post=16757"},{"taxonomy":"product_tag","embeddable":true,"href":"https:\/\/shop.larus.ch\/fr\/wp-json\/wp\/v2\/product_tag?post=16757"}],"curies":[{"name":"wp","href":"https:\/\/api.w.org\/{rel}","templated":true}]}}