{"id":16747,"date":"2017-09-05T14:30:58","date_gmt":"2017-09-05T12:30:58","guid":{"rendered":"http:\/\/shop.larus.ch.rubin.metanet.ch\/product\/clture-palissade\/"},"modified":"2026-04-16T03:15:42","modified_gmt":"2026-04-16T01:15:42","slug":"clture-palissade","status":"publish","type":"product","link":"https:\/\/shop.larus.ch\/fr\/product\/clture-palissade\/","title":{"rendered":"Cl\u00f4ture palissade"},"content":{"rendered":"<p>El\u00e9ments normalis\u00e9s de cl\u00f4ture de palissade<br \/>(Pletscher)<br \/>impr\u00e9g\u00e9 brun<\/p>\n","protected":false},"excerpt":{"rendered":"<p>El\u00e9ments normalis\u00e9s de cl\u00f4ture de palissade<br \/>(Pletscher)<br \/>impr\u00e9g\u00e9 brun<\/p>\n","protected":false},"featured_media":323317,"template":"","meta":[],"product_cat":[59155],"product_tag":[],"_links":{"self":[{"href":"https:\/\/shop.larus.ch\/fr\/wp-json\/wp\/v2\/product\/16747"}],"collection":[{"href":"https:\/\/shop.larus.ch\/fr\/wp-json\/wp\/v2\/product"}],"about":[{"href":"https:\/\/shop.larus.ch\/fr\/wp-json\/wp\/v2\/types\/product"}],"wp:featuredmedia":[{"embeddable":true,"href":"https:\/\/shop.larus.ch\/fr\/wp-json\/wp\/v2\/media\/323317"}],"wp:attachment":[{"href":"https:\/\/shop.larus.ch\/fr\/wp-json\/wp\/v2\/media?parent=16747"}],"wp:term":[{"taxonomy":"product_cat","embeddable":true,"href":"https:\/\/shop.larus.ch\/fr\/wp-json\/wp\/v2\/product_cat?post=16747"},{"taxonomy":"product_tag","embeddable":true,"href":"https:\/\/shop.larus.ch\/fr\/wp-json\/wp\/v2\/product_tag?post=16747"}],"curies":[{"name":"wp","href":"https:\/\/api.w.org\/{rel}","templated":true}]}}