{"id":16746,"date":"2017-09-05T14:30:58","date_gmt":"2017-09-05T12:30:58","guid":{"rendered":"http:\/\/shop.larus.ch.rubin.metanet.ch\/product\/poteau-carr-en-mlze\/"},"modified":"2026-04-16T03:16:29","modified_gmt":"2026-04-16T01:16:29","slug":"poteau-carr-en-mlze-2","status":"publish","type":"product","link":"https:\/\/shop.larus.ch\/fr\/product\/poteau-carr-en-mlze-2\/","title":{"rendered":"Poteau carr\u00e9 en m\u00e9l\u00e8ze"},"content":{"rendered":"<p>Poteaux carr\u00e8s en m\u00e9l\u00e8ze<br \/>brun<\/p>\n","protected":false},"excerpt":{"rendered":"<p>Poteaux carr\u00e8s en m\u00e9l\u00e8ze<br \/>brun<\/p>\n","protected":false},"featured_media":325430,"template":"","meta":[],"product_cat":[],"product_tag":[],"_links":{"self":[{"href":"https:\/\/shop.larus.ch\/fr\/wp-json\/wp\/v2\/product\/16746"}],"collection":[{"href":"https:\/\/shop.larus.ch\/fr\/wp-json\/wp\/v2\/product"}],"about":[{"href":"https:\/\/shop.larus.ch\/fr\/wp-json\/wp\/v2\/types\/product"}],"wp:featuredmedia":[{"embeddable":true,"href":"https:\/\/shop.larus.ch\/fr\/wp-json\/wp\/v2\/media\/325430"}],"wp:attachment":[{"href":"https:\/\/shop.larus.ch\/fr\/wp-json\/wp\/v2\/media?parent=16746"}],"wp:term":[{"taxonomy":"product_cat","embeddable":true,"href":"https:\/\/shop.larus.ch\/fr\/wp-json\/wp\/v2\/product_cat?post=16746"},{"taxonomy":"product_tag","embeddable":true,"href":"https:\/\/shop.larus.ch\/fr\/wp-json\/wp\/v2\/product_tag?post=16746"}],"curies":[{"name":"wp","href":"https:\/\/api.w.org\/{rel}","templated":true}]}}