{"id":16722,"date":"2017-09-05T14:30:51","date_gmt":"2017-09-05T12:30:51","guid":{"rendered":"http:\/\/shop.larus.ch.rubin.metanet.ch\/product\/cltures-en-lattes-bristol\/"},"modified":"2026-04-16T03:16:31","modified_gmt":"2026-04-16T01:16:31","slug":"cltures-en-lattes-bristol","status":"publish","type":"product","link":"https:\/\/shop.larus.ch\/fr\/product\/cltures-en-lattes-bristol\/","title":{"rendered":"Cl\u00f4tures en lattes Bristol"},"content":{"rendered":"<p>Cl\u00f4ture en lattes Bristol en bois de m\u00e9l\u00e8ze naturelle<br \/>lattes 18&#215;88 mm, t\u00eates arrondies, traverses 26&#215;68 mm<br \/>droite<\/p>\n","protected":false},"excerpt":{"rendered":"<p>Cl\u00f4ture en lattes Bristol en bois de m\u00e9l\u00e8ze naturelle<br \/>lattes 18&#215;88 mm, t\u00eates arrondies, traverses 26&#215;68 mm<br \/>droite<\/p>\n","protected":false},"featured_media":326740,"template":"","meta":[],"product_cat":[59143],"product_tag":[],"_links":{"self":[{"href":"https:\/\/shop.larus.ch\/fr\/wp-json\/wp\/v2\/product\/16722"}],"collection":[{"href":"https:\/\/shop.larus.ch\/fr\/wp-json\/wp\/v2\/product"}],"about":[{"href":"https:\/\/shop.larus.ch\/fr\/wp-json\/wp\/v2\/types\/product"}],"wp:featuredmedia":[{"embeddable":true,"href":"https:\/\/shop.larus.ch\/fr\/wp-json\/wp\/v2\/media\/326740"}],"wp:attachment":[{"href":"https:\/\/shop.larus.ch\/fr\/wp-json\/wp\/v2\/media?parent=16722"}],"wp:term":[{"taxonomy":"product_cat","embeddable":true,"href":"https:\/\/shop.larus.ch\/fr\/wp-json\/wp\/v2\/product_cat?post=16722"},{"taxonomy":"product_tag","embeddable":true,"href":"https:\/\/shop.larus.ch\/fr\/wp-json\/wp\/v2\/product_tag?post=16722"}],"curies":[{"name":"wp","href":"https:\/\/api.w.org\/{rel}","templated":true}]}}