{"id":16716,"date":"2017-09-05T14:30:49","date_gmt":"2017-09-05T12:30:49","guid":{"rendered":"http:\/\/shop.larus.ch.rubin.metanet.ch\/product\/clture-en-lattes-toblach\/"},"modified":"2026-04-16T03:10:28","modified_gmt":"2026-04-16T01:10:28","slug":"clture-en-lattes-toblach","status":"publish","type":"product","link":"https:\/\/shop.larus.ch\/fr\/product\/clture-en-lattes-toblach\/","title":{"rendered":"Cl\u00f4ture en lattes Toblach"},"content":{"rendered":"<p>Cl\u00f4ture en lattes Toblach <br \/>m\u00e9l\u00e8ze naturel, bross\u00e9<br \/>lattes 20&#215;115 mm, t\u00eate arrondie, traverses 28&#215;68 mm<br \/>fixation des lattes par vis en acier inoxydable<\/p>\n","protected":false},"excerpt":{"rendered":"<p>Cl\u00f4ture en lattes Toblach <br \/>m\u00e9l\u00e8ze naturel, bross\u00e9<br \/>lattes 20&#215;115 mm, t\u00eate arrondie, traverses 28&#215;68 mm<br \/>fixation des lattes par vis en acier inoxydable<\/p>\n","protected":false},"featured_media":322931,"template":"","meta":[],"product_cat":[59141],"product_tag":[],"_links":{"self":[{"href":"https:\/\/shop.larus.ch\/fr\/wp-json\/wp\/v2\/product\/16716"}],"collection":[{"href":"https:\/\/shop.larus.ch\/fr\/wp-json\/wp\/v2\/product"}],"about":[{"href":"https:\/\/shop.larus.ch\/fr\/wp-json\/wp\/v2\/types\/product"}],"wp:featuredmedia":[{"embeddable":true,"href":"https:\/\/shop.larus.ch\/fr\/wp-json\/wp\/v2\/media\/322931"}],"wp:attachment":[{"href":"https:\/\/shop.larus.ch\/fr\/wp-json\/wp\/v2\/media?parent=16716"}],"wp:term":[{"taxonomy":"product_cat","embeddable":true,"href":"https:\/\/shop.larus.ch\/fr\/wp-json\/wp\/v2\/product_cat?post=16716"},{"taxonomy":"product_tag","embeddable":true,"href":"https:\/\/shop.larus.ch\/fr\/wp-json\/wp\/v2\/product_tag?post=16716"}],"curies":[{"name":"wp","href":"https:\/\/api.w.org\/{rel}","templated":true}]}}