{"id":16708,"date":"2017-09-05T14:30:47","date_gmt":"2017-09-05T12:30:47","guid":{"rendered":"http:\/\/shop.larus.ch.rubin.metanet.ch\/product\/lattes-en-mlze\/"},"modified":"2026-04-16T03:15:29","modified_gmt":"2026-04-16T01:15:29","slug":"lattes-en-mlze-6","status":"publish","type":"product","link":"https:\/\/shop.larus.ch\/fr\/product\/lattes-en-mlze-6\/","title":{"rendered":"Lattes en m\u00e9l\u00e8ze"},"content":{"rendered":"<p>Lattes en bois de m\u00e9l\u00e8ze<br \/>sans aubier, naturel, t\u00eate no. 3<br \/>(arrondi)<\/p>\n","protected":false},"excerpt":{"rendered":"<p>Lattes en bois de m\u00e9l\u00e8ze<br \/>sans aubier, naturel, t\u00eate no. 3<br \/>(arrondi)<\/p>\n","protected":false},"featured_media":325212,"template":"","meta":[],"product_cat":[59139],"product_tag":[],"_links":{"self":[{"href":"https:\/\/shop.larus.ch\/fr\/wp-json\/wp\/v2\/product\/16708"}],"collection":[{"href":"https:\/\/shop.larus.ch\/fr\/wp-json\/wp\/v2\/product"}],"about":[{"href":"https:\/\/shop.larus.ch\/fr\/wp-json\/wp\/v2\/types\/product"}],"wp:featuredmedia":[{"embeddable":true,"href":"https:\/\/shop.larus.ch\/fr\/wp-json\/wp\/v2\/media\/325212"}],"wp:attachment":[{"href":"https:\/\/shop.larus.ch\/fr\/wp-json\/wp\/v2\/media?parent=16708"}],"wp:term":[{"taxonomy":"product_cat","embeddable":true,"href":"https:\/\/shop.larus.ch\/fr\/wp-json\/wp\/v2\/product_cat?post=16708"},{"taxonomy":"product_tag","embeddable":true,"href":"https:\/\/shop.larus.ch\/fr\/wp-json\/wp\/v2\/product_tag?post=16708"}],"curies":[{"name":"wp","href":"https:\/\/api.w.org\/{rel}","templated":true}]}}