{"id":16701,"date":"2017-09-05T14:30:45","date_gmt":"2017-09-05T12:30:45","guid":{"rendered":"http:\/\/shop.larus.ch.rubin.metanet.ch\/product\/clture-lattes-ml-naturel\/"},"modified":"2026-04-16T03:05:44","modified_gmt":"2026-04-16T01:05:44","slug":"clture-lattes-ml-naturel-2","status":"publish","type":"product","link":"https:\/\/shop.larus.ch\/fr\/product\/clture-lattes-ml-naturel-2\/","title":{"rendered":"Cl\u00f4ture lattes m\u00e9l. naturel"},"content":{"rendered":"<p>Cl\u00f4ture en lattes Chur r\u00e9alisation normalis\u00e9e<br \/>m\u00e9l\u00e8ze naturel, lattes 60\/26 mm,<br \/>traverses 60\/40 mm<\/p>\n","protected":false},"excerpt":{"rendered":"<p>Cl\u00f4ture en lattes Chur r\u00e9alisation normalis\u00e9e<br \/>m\u00e9l\u00e8ze naturel, lattes 60\/26 mm,<br \/>traverses 60\/40 mm<\/p>\n","protected":false},"featured_media":324304,"template":"","meta":[],"product_cat":[59135,59137],"product_tag":[],"_links":{"self":[{"href":"https:\/\/shop.larus.ch\/fr\/wp-json\/wp\/v2\/product\/16701"}],"collection":[{"href":"https:\/\/shop.larus.ch\/fr\/wp-json\/wp\/v2\/product"}],"about":[{"href":"https:\/\/shop.larus.ch\/fr\/wp-json\/wp\/v2\/types\/product"}],"wp:featuredmedia":[{"embeddable":true,"href":"https:\/\/shop.larus.ch\/fr\/wp-json\/wp\/v2\/media\/324304"}],"wp:attachment":[{"href":"https:\/\/shop.larus.ch\/fr\/wp-json\/wp\/v2\/media?parent=16701"}],"wp:term":[{"taxonomy":"product_cat","embeddable":true,"href":"https:\/\/shop.larus.ch\/fr\/wp-json\/wp\/v2\/product_cat?post=16701"},{"taxonomy":"product_tag","embeddable":true,"href":"https:\/\/shop.larus.ch\/fr\/wp-json\/wp\/v2\/product_tag?post=16701"}],"curies":[{"name":"wp","href":"https:\/\/api.w.org\/{rel}","templated":true}]}}