{"id":16694,"date":"2017-09-05T14:30:43","date_gmt":"2017-09-05T12:30:43","guid":{"rendered":"http:\/\/shop.larus.ch.rubin.metanet.ch\/product\/porte-norm-cl-lattes-grise\/"},"modified":"2026-04-19T03:15:56","modified_gmt":"2026-04-19T01:15:56","slug":"porte-norm-cl-lattes-grise","status":"publish","type":"product","link":"https:\/\/shop.larus.ch\/fr\/product\/porte-norm-cl-lattes-grise\/","title":{"rendered":"Auslaufmodell Porte norm. cl\u00f4. lattes grise"},"content":{"rendered":"<p>Portes normalis\u00e9es pour cl\u00f4ture en lattes rabot\u00e9e lisse<br \/>droite, lattes 22&#215;90 mm, t\u00eate chanfrein\u00e9<br \/>\u00e0 pr\u00e9-lasure grise<\/p>\n","protected":false},"excerpt":{"rendered":"<p>Portes normalis\u00e9es pour cl\u00f4ture en lattes rabot\u00e9e lisse<br \/>droite, lattes 22&#215;90 mm, t\u00eate chanfrein\u00e9<br \/>\u00e0 pr\u00e9-lasure grise<\/p>\n","protected":false},"featured_media":326818,"template":"","meta":[],"product_cat":[59129],"product_tag":[],"_links":{"self":[{"href":"https:\/\/shop.larus.ch\/fr\/wp-json\/wp\/v2\/product\/16694"}],"collection":[{"href":"https:\/\/shop.larus.ch\/fr\/wp-json\/wp\/v2\/product"}],"about":[{"href":"https:\/\/shop.larus.ch\/fr\/wp-json\/wp\/v2\/types\/product"}],"wp:featuredmedia":[{"embeddable":true,"href":"https:\/\/shop.larus.ch\/fr\/wp-json\/wp\/v2\/media\/326818"}],"wp:attachment":[{"href":"https:\/\/shop.larus.ch\/fr\/wp-json\/wp\/v2\/media?parent=16694"}],"wp:term":[{"taxonomy":"product_cat","embeddable":true,"href":"https:\/\/shop.larus.ch\/fr\/wp-json\/wp\/v2\/product_cat?post=16694"},{"taxonomy":"product_tag","embeddable":true,"href":"https:\/\/shop.larus.ch\/fr\/wp-json\/wp\/v2\/product_tag?post=16694"}],"curies":[{"name":"wp","href":"https:\/\/api.w.org\/{rel}","templated":true}]}}