{"id":16690,"date":"2017-09-05T14:30:42","date_gmt":"2017-09-05T12:30:42","guid":{"rendered":"http:\/\/shop.larus.ch.rubin.metanet.ch\/product\/porte-simple-arc-suprieur\/"},"modified":"2026-04-16T03:15:11","modified_gmt":"2026-04-16T01:15:11","slug":"porte-simple-arc-suprieur","status":"publish","type":"product","link":"https:\/\/shop.larus.ch\/fr\/product\/porte-simple-arc-suprieur\/","title":{"rendered":"Porte simple arc sup\u00e9rieur"},"content":{"rendered":"<p>Porte simple pour cl\u00f4ture \u00e0 lattes Oxford arc sup\u00e9rieur<br \/>rabot\u00e9e lisse<br \/>cadre et lattes 90\/18 mm, t\u00eate arrondie<br \/>impr\u00e9gn\u00e9 verd\u00e2tre<\/p>\n","protected":false},"excerpt":{"rendered":"<p>Porte simple pour cl\u00f4ture \u00e0 lattes Oxford arc sup\u00e9rieur<br \/>rabot\u00e9e lisse<br \/>cadre et lattes 90\/18 mm, t\u00eate arrondie<br \/>impr\u00e9gn\u00e9 verd\u00e2tre<\/p>\n","protected":false},"featured_media":325142,"template":"","meta":[],"product_cat":[59125],"product_tag":[],"_links":{"self":[{"href":"https:\/\/shop.larus.ch\/fr\/wp-json\/wp\/v2\/product\/16690"}],"collection":[{"href":"https:\/\/shop.larus.ch\/fr\/wp-json\/wp\/v2\/product"}],"about":[{"href":"https:\/\/shop.larus.ch\/fr\/wp-json\/wp\/v2\/types\/product"}],"wp:featuredmedia":[{"embeddable":true,"href":"https:\/\/shop.larus.ch\/fr\/wp-json\/wp\/v2\/media\/325142"}],"wp:attachment":[{"href":"https:\/\/shop.larus.ch\/fr\/wp-json\/wp\/v2\/media?parent=16690"}],"wp:term":[{"taxonomy":"product_cat","embeddable":true,"href":"https:\/\/shop.larus.ch\/fr\/wp-json\/wp\/v2\/product_cat?post=16690"},{"taxonomy":"product_tag","embeddable":true,"href":"https:\/\/shop.larus.ch\/fr\/wp-json\/wp\/v2\/product_tag?post=16690"}],"curies":[{"name":"wp","href":"https:\/\/api.w.org\/{rel}","templated":true}]}}